{"id":103824,"date":"2021-12-10T15:10:37","date_gmt":"2021-12-10T14:10:37","guid":{"rendered":"https:\/\/haccounamatata.com\/?page_id=103824"},"modified":"2022-04-12T08:22:33","modified_gmt":"2022-04-12T06:22:33","slug":"beau-et-bon","status":"publish","type":"page","link":"https:\/\/haccounamatata.com\/en\/beau-et-bon\/","title":{"rendered":"Beautiful and tasty"},"content":{"rendered":"<div class=\"wpb-content-wrapper\"><div data-parent=\"true\" class=\"vc_row row-container with-parallax\" id=\"row-unique-0\"><div class=\"row-background background-element\">\n\t\t\t\t\t\t\t\t\t\t\t<div class=\"background-wrapper\">\n\t\t\t\t\t\t\t\t\t\t\t\t<div class=\"background-inner\" style=\"background-image: url(https:\/\/haccounamatata.com\/wp-content\/uploads\/2021\/12\/grapes-on-a-vine-from-a-winery-2021-08-30-06-41-43-utc.jpg);background-repeat: no-repeat;background-position: center center;background-size: cover;\"><\/div>\n\t\t\t\t\t\t\t\t\t\t\t\t\n\t\t\t\t\t\t\t\t\t\t\t<\/div>\n\t\t\t\t\t\t\t\t\t\t<\/div><div class=\"row unequal col-double-gutter quad-top-padding quad-bottom-padding single-h-padding limit-width row-parent\" data-height-ratio=\"50\"><div class=\"wpb_row row-inner\"><div class=\"wpb_column pos-middle pos-center align_center column_parent col-lg-12 single-internal-gutter\"><div class=\"uncol style-spec style-dark\"  ><div class=\"uncoltable\"><div class=\"uncell no-block-padding\" ><div class=\"uncont\" ><div class=\"vc_custom_heading_wrap\"><div class=\"heading-text el-text\" ><h1 class=\"font-613363 fontsize-338686 fontspace-781688 font-weight-400\" ><span>Beautiful and tasty<\/span><\/h1><\/div><div class=\"clear\"><\/div><\/div><\/div><\/div><\/div><\/div><\/div><script id=\"script-row-unique-0\" data-row=\"script-row-unique-0\" type=\"text\/javascript\" class=\"vc_controls\">UNCODE.initRow(document.getElementById(\"row-unique-0\"));<\/script><\/div><\/div><\/div><div data-parent=\"true\" class=\"vc_row row-container\" id=\"row-unique-1\"><div class=\"row no-top-padding single-bottom-padding no-h-padding full-width row-parent\"><div class=\"wpb_row row-inner\"><div class=\"wpb_column pos-top pos-center align_center column_parent col-lg-12 double-internal-gutter\"><div class=\"uncol style-light\"  ><div class=\"uncoltable\"><div class=\"uncell no-block-padding\" ><div class=\"uncont\" ><div id=\"index-1\" class=\"isotope-system isotope-general-light grid-general-light\" >\n\t\t\t\n\t\t\t\t\t\t\t\t\t\t\t\t\t\t<div class=\"isotope-wrapper grid-wrapper single-gutter isotope-inner-padding grid-inner-padding style-color-xsdn-bg\" >\t\t\t\t\t\t\t\t\t\t\t\t<div class=\"isotope-container grid-container isotope-layout style-masonry isotope-pagination grid-pagination\" data-type=\"masonry\" data-layout=\"masonry\" data-lg=\"1000\" data-md=\"800\" data-sm=\"600\" data-vp-height=\"\">\t\t\t<div class=\"tmb atc-typography-inherit tmb-iso-w4 tmb-iso-h4 tmb-light tmb-overlay-text-anim tmb-overlay-anim tmb-overlay-text-reduced tmb-overlay-center tmb-overlay-middle tmb-overlay-text-center  grid-cat-138 tmb-id-103693 tmb-img-ratio tmb-media-first tmb-media-last tmb-content-overlay\" ><div class=\"t-inside style-color-xsdn-bg animate_when_almost_visible bottom-t-top\" data-delay=\"200\" data-speed=\"600\"><div class=\"t-entry-visual\"><div class=\"t-entry-visual-tc\"><div class=\"t-entry-visual-cont\"><div class=\"dummy\" style=\"padding-top: 75%;\"><\/div><a href=\"https:\/\/haccounamatata.com\/en\/circuit-culinaire\/\"  class=\"pushed\" target=\"_self\" data-lb-index=\"0\"><div class=\"t-entry-visual-overlay\"><div class=\"t-entry-visual-overlay-in style-accent-bg\" style=\"opacity: 0.85;\"><\/div><\/div><div class=\"t-overlay-wrap\"><div class=\"t-overlay-inner\">\n\t\t\t\t\t\t\t\t\t\t\t\t\t\t<div class=\"t-overlay-content\">\n\t\t\t\t\t\t\t\t\t\t\t\t\t\t\t<div class=\"t-overlay-text single-block-padding\"><div class=\"t-entry\"><h3 class=\"t-entry-title h4 title-scale\">Culinary tour<\/h3><div class=\"t-entry-excerpt\"><p>A mosaic of cultures, Israel boasts an impressive culinary offering. From the Shakshuka of North Africa to the Gefilte fish of Eastern Europe...<\/p><\/div><p class=\"t-entry-readmore btn-container\"><span class=\"btn btn-default btn-circle\">Read More<\/span><\/p><\/div><\/div><\/div><\/div><\/div><img decoding=\"async\" class=\"wp-image-103373\" src=\"https:\/\/haccounamatata.com\/wp-content\/uploads\/2021\/12\/Depositphotos_23948703_DS-uai-1713x1285.jpg\" width=\"1713\" height=\"1285\" alt=\"\" \/><\/a><\/div>\n\t\t\t\t\t<\/div>\n\t\t\t\t<\/div><\/div><\/div><div class=\"tmb atc-typography-inherit tmb-iso-w4 tmb-iso-h4 tmb-light tmb-overlay-text-anim tmb-overlay-anim tmb-overlay-text-reduced tmb-overlay-center tmb-overlay-middle tmb-overlay-text-center  grid-cat-138 tmb-id-103697 tmb-img-ratio tmb-media-first tmb-media-last tmb-content-overlay\" ><div class=\"t-inside style-color-xsdn-bg animate_when_almost_visible bottom-t-top\" data-delay=\"200\" data-speed=\"600\"><div class=\"t-entry-visual\"><div class=\"t-entry-visual-tc\"><div class=\"t-entry-visual-cont\"><div class=\"dummy\" style=\"padding-top: 75%;\"><\/div><a href=\"https:\/\/haccounamatata.com\/en\/la-route-des-vins-disrael\/\"  class=\"pushed\" target=\"_self\" data-lb-index=\"1\"><div class=\"t-entry-visual-overlay\"><div class=\"t-entry-visual-overlay-in style-accent-bg\" style=\"opacity: 0.85;\"><\/div><\/div><div class=\"t-overlay-wrap\"><div class=\"t-overlay-inner\">\n\t\t\t\t\t\t\t\t\t\t\t\t\t\t<div class=\"t-overlay-content\">\n\t\t\t\t\t\t\t\t\t\t\t\t\t\t\t<div class=\"t-overlay-text single-block-padding\"><div class=\"t-entry\"><h3 class=\"t-entry-title h4 title-scale\">The Israel Wine Road<\/h3><div class=\"t-entry-excerpt\"><p>Reinvested at the end of the 19th century by Baron Edmond de Rothschild, the ancient vineyards today produce world-class wines.<\/p><\/div><p class=\"t-entry-readmore btn-container\"><span class=\"btn btn-default btn-circle\">Read More<\/span><\/p><\/div><\/div><\/div><\/div><\/div><img decoding=\"async\" class=\"wp-image-103923\" src=\"https:\/\/haccounamatata.com\/wp-content\/uploads\/2021\/12\/wine-glass-2021-08-26-17-51-41-utc-uai-1706x1280.jpg\" width=\"1706\" height=\"1280\" alt=\"\" \/><\/a><\/div>\n\t\t\t\t\t<\/div>\n\t\t\t\t<\/div><\/div><\/div>\t\t<\/div>\t\n\t\n\n\t<\/div>\t\t\t\t<\/div>\n<\/div><\/div><\/div><\/div><\/div><script id=\"script-row-unique-1\" data-row=\"script-row-unique-1\" type=\"text\/javascript\" class=\"vc_controls\">UNCODE.initRow(document.getElementById(\"row-unique-1\"));<\/script><\/div><\/div><\/div>\n<\/div>","protected":false},"excerpt":{"rendered":"La Route des vins d\u2019Isra\u00eblLe vin des Proph\u00e8tes R\u00e9investis \u00e0 la fin du XIXe si\u00e8cle par le Baron Edmond de [...]","protected":false},"author":1,"featured_media":0,"parent":0,"menu_order":0,"comment_status":"closed","ping_status":"closed","template":"","meta":{"_joinchat":[],"footnotes":""},"class_list":["post-103824","page","type-page","status-publish","hentry"],"yoast_head":"<!-- This site is optimized with the Yoast SEO plugin v27.4 - https:\/\/yoast.com\/product\/yoast-seo-wordpress\/ -->\n<title>Nos voyages Beau et bon - HaccounAmatata<\/title>\n<meta name=\"description\" content=\"D\u00e9couvrez nos petits plus que nous vous proposons dans votre voyage d\u00e9couverte. Profitez d&#039;un moment &quot;beau et bon&quot; !\" \/>\n<meta name=\"robots\" content=\"index, follow, max-snippet:-1, max-image-preview:large, max-video-preview:-1\" \/>\n<link rel=\"canonical\" href=\"https:\/\/haccounamatata.com\/en\/beau-et-bon\/\" \/>\n<meta property=\"og:locale\" content=\"en_US\" \/>\n<meta property=\"og:type\" content=\"article\" \/>\n<meta property=\"og:title\" content=\"Nos voyages Beau et bon - HaccounAmatata\" \/>\n<meta property=\"og:description\" content=\"D\u00e9couvrez nos petits plus que nous vous proposons dans votre voyage d\u00e9couverte. Profitez d&#039;un moment &quot;beau et bon&quot; !\" \/>\n<meta property=\"og:url\" content=\"https:\/\/haccounamatata.com\/en\/beau-et-bon\/\" \/>\n<meta property=\"og:site_name\" content=\"HaccounAmatata\" \/>\n<meta property=\"article:modified_time\" content=\"2022-04-12T06:22:33+00:00\" \/>\n<meta name=\"twitter:card\" content=\"summary_large_image\" \/>\n<meta name=\"twitter:label1\" content=\"Est. reading time\" \/>\n\t<meta name=\"twitter:data1\" content=\"1 minute\" \/>\n<script type=\"application\/ld+json\" class=\"yoast-schema-graph\">{\"@context\":\"https:\\\/\\\/schema.org\",\"@graph\":[{\"@type\":\"WebPage\",\"@id\":\"https:\\\/\\\/haccounamatata.com\\\/beau-et-bon\\\/\",\"url\":\"https:\\\/\\\/haccounamatata.com\\\/beau-et-bon\\\/\",\"name\":\"Nos voyages Beau et bon - HaccounAmatata\",\"isPartOf\":{\"@id\":\"https:\\\/\\\/haccounamatata.com\\\/#website\"},\"datePublished\":\"2021-12-10T14:10:37+00:00\",\"dateModified\":\"2022-04-12T06:22:33+00:00\",\"description\":\"D\u00e9couvrez nos petits plus que nous vous proposons dans votre voyage d\u00e9couverte. Profitez d'un moment \\\"beau et bon\\\" !\",\"breadcrumb\":{\"@id\":\"https:\\\/\\\/haccounamatata.com\\\/beau-et-bon\\\/#breadcrumb\"},\"inLanguage\":\"en-US\",\"potentialAction\":[{\"@type\":\"ReadAction\",\"target\":[\"https:\\\/\\\/haccounamatata.com\\\/beau-et-bon\\\/\"]}]},{\"@type\":\"BreadcrumbList\",\"@id\":\"https:\\\/\\\/haccounamatata.com\\\/beau-et-bon\\\/#breadcrumb\",\"itemListElement\":[{\"@type\":\"ListItem\",\"position\":1,\"name\":\"Accueil\",\"item\":\"https:\\\/\\\/haccounamatata.com\\\/\"},{\"@type\":\"ListItem\",\"position\":2,\"name\":\"Beau et bon\"}]},{\"@type\":\"WebSite\",\"@id\":\"https:\\\/\\\/haccounamatata.com\\\/#website\",\"url\":\"https:\\\/\\\/haccounamatata.com\\\/\",\"name\":\"HaccounAmatata\",\"description\":\"Un voyage fantastique\",\"potentialAction\":[{\"@type\":\"SearchAction\",\"target\":{\"@type\":\"EntryPoint\",\"urlTemplate\":\"https:\\\/\\\/haccounamatata.com\\\/?s={search_term_string}\"},\"query-input\":{\"@type\":\"PropertyValueSpecification\",\"valueRequired\":true,\"valueName\":\"search_term_string\"}}],\"inLanguage\":\"en-US\"}]}<\/script>\n<!-- \/ Yoast SEO plugin. -->","yoast_head_json":{"title":"Nos voyages Beau et bon - HaccounAmatata","description":"D\u00e9couvrez nos petits plus que nous vous proposons dans votre voyage d\u00e9couverte. Profitez d'un moment \"beau et bon\" !","robots":{"index":"index","follow":"follow","max-snippet":"max-snippet:-1","max-image-preview":"max-image-preview:large","max-video-preview":"max-video-preview:-1"},"canonical":"https:\/\/haccounamatata.com\/en\/beau-et-bon\/","og_locale":"en_US","og_type":"article","og_title":"Nos voyages Beau et bon - HaccounAmatata","og_description":"D\u00e9couvrez nos petits plus que nous vous proposons dans votre voyage d\u00e9couverte. Profitez d'un moment \"beau et bon\" !","og_url":"https:\/\/haccounamatata.com\/en\/beau-et-bon\/","og_site_name":"HaccounAmatata","article_modified_time":"2022-04-12T06:22:33+00:00","twitter_card":"summary_large_image","twitter_misc":{"Est. reading time":"1 minute"},"schema":{"@context":"https:\/\/schema.org","@graph":[{"@type":"WebPage","@id":"https:\/\/haccounamatata.com\/beau-et-bon\/","url":"https:\/\/haccounamatata.com\/beau-et-bon\/","name":"Nos voyages Beau et bon - HaccounAmatata","isPartOf":{"@id":"https:\/\/haccounamatata.com\/#website"},"datePublished":"2021-12-10T14:10:37+00:00","dateModified":"2022-04-12T06:22:33+00:00","description":"D\u00e9couvrez nos petits plus que nous vous proposons dans votre voyage d\u00e9couverte. Profitez d'un moment \"beau et bon\" !","breadcrumb":{"@id":"https:\/\/haccounamatata.com\/beau-et-bon\/#breadcrumb"},"inLanguage":"en-US","potentialAction":[{"@type":"ReadAction","target":["https:\/\/haccounamatata.com\/beau-et-bon\/"]}]},{"@type":"BreadcrumbList","@id":"https:\/\/haccounamatata.com\/beau-et-bon\/#breadcrumb","itemListElement":[{"@type":"ListItem","position":1,"name":"Accueil","item":"https:\/\/haccounamatata.com\/"},{"@type":"ListItem","position":2,"name":"Beau et bon"}]},{"@type":"WebSite","@id":"https:\/\/haccounamatata.com\/#website","url":"https:\/\/haccounamatata.com\/","name":"HaccounAmatata","description":"Un voyage fantastique","potentialAction":[{"@type":"SearchAction","target":{"@type":"EntryPoint","urlTemplate":"https:\/\/haccounamatata.com\/?s={search_term_string}"},"query-input":{"@type":"PropertyValueSpecification","valueRequired":true,"valueName":"search_term_string"}}],"inLanguage":"en-US"}]}},"_links":{"self":[{"href":"https:\/\/haccounamatata.com\/en\/wp-json\/wp\/v2\/pages\/103824","targetHints":{"allow":["GET"]}}],"collection":[{"href":"https:\/\/haccounamatata.com\/en\/wp-json\/wp\/v2\/pages"}],"about":[{"href":"https:\/\/haccounamatata.com\/en\/wp-json\/wp\/v2\/types\/page"}],"author":[{"embeddable":true,"href":"https:\/\/haccounamatata.com\/en\/wp-json\/wp\/v2\/users\/1"}],"replies":[{"embeddable":true,"href":"https:\/\/haccounamatata.com\/en\/wp-json\/wp\/v2\/comments?post=103824"}],"version-history":[{"count":8,"href":"https:\/\/haccounamatata.com\/en\/wp-json\/wp\/v2\/pages\/103824\/revisions"}],"predecessor-version":[{"id":104475,"href":"https:\/\/haccounamatata.com\/en\/wp-json\/wp\/v2\/pages\/103824\/revisions\/104475"}],"wp:attachment":[{"href":"https:\/\/haccounamatata.com\/en\/wp-json\/wp\/v2\/media?parent=103824"}],"curies":[{"name":"wp","href":"https:\/\/api.w.org\/{rel}","templated":true}]}}