{"id":103868,"date":"2021-12-10T15:10:37","date_gmt":"2021-12-10T14:10:37","guid":{"rendered":"https:\/\/haccounamatata.com\/?page_id=103868"},"modified":"2022-04-06T18:59:49","modified_gmt":"2022-04-06T16:59:49","slug":"infos-pratiques","status":"publish","type":"page","link":"https:\/\/haccounamatata.com\/en\/infos-pratiques\/","title":{"rendered":"Infos pratiques"},"content":{"rendered":"<div class=\"wpb-content-wrapper\"><div data-parent=\"true\" class=\"vc_row row-container with-parallax has-dividers\" id=\"row-unique-0\"><div class=\"row-background background-element\">\n\t\t\t\t\t\t\t\t\t\t\t<div class=\"background-wrapper\">\n\t\t\t\t\t\t\t\t\t\t\t\t<div class=\"background-inner\" style=\"background-image: url(https:\/\/haccounamatata.com\/wp-content\/uploads\/2021\/12\/Untitled-design.png);background-repeat: no-repeat;background-position: center center;background-size: cover;\"><\/div>\n\t\t\t\t\t\t\t\t\t\t\t\t\n\t\t\t\t\t\t\t\t\t\t\t<\/div>\n\t\t\t\t\t\t\t\t\t\t<\/div><div class=\"uncode-divider-wrap uncode-divider-wrap-bottom z_index_0\" style=\"height: 100%;\" data-height=\"100\" data-unit=\"%\"><svg version=\"1.1\" class=\"uncode-row-divider uncode-row-divider-gradient\" x=\"0px\" y=\"0px\" width=\"240px\" height=\"24px\" viewbox=\"0 0 240 24\" enable-background=\"new 0 0 240 24\" xml:space=\"preserve\" preserveaspectratio=\"none\">\n\t\t<lineargradient id=\"svg-gradient-212558\" gradientunits=\"userSpaceOnUse\" x1=\"119.9995\" y1=\"0\" x2=\"119.9995\" y2=\"24.0005\">\n\t\t\t<stop  offset=\"0\" style=\"stop-color:#6442ff;stop-opacity:0\"\/>\n\t\t\t<stop  offset=\"1\" style=\"stop-color:#6442ff\"\/>\n\t\t<\/lineargradient>\n\t\t<path fill=\"url(#svg-gradient-212558)\" d=\"M240,24V0H0v24H240z\"\/>\n\t\t<\/svg><\/div><div class=\"row triple-top-padding triple-bottom-padding triple-h-padding full-width row-parent\" data-height-ratio=\"50\"><div class=\"wpb_row row-inner\"><div class=\"wpb_column pos-middle pos-center align_center column_parent col-lg-12 half-internal-gutter\"><div class=\"uncol style-spec style-dark animate_when_almost_visible zoom-in\"  data-speed=\"600\"><div class=\"uncoltable\"><div class=\"uncell no-block-padding\" ><div class=\"uncont\" ><div class=\"vc_custom_heading_wrap\"><div class=\"heading-text el-text\" ><h1 class=\"font-613363 fontsize-338686 fontspace-781688 font-weight-400\" ><span>Infos pratiques<\/span><\/h1><\/div><div class=\"clear\"><\/div><\/div><\/div><\/div><\/div><\/div><\/div><script id=\"script-row-unique-0\" data-row=\"script-row-unique-0\" type=\"text\/javascript\" class=\"vc_controls\">UNCODE.initRow(document.getElementById(\"row-unique-0\"));<\/script><\/div><\/div><\/div><div data-parent=\"true\" class=\"vc_row row-container\" id=\"row-unique-1\"><div class=\"row limit-width row-parent\"><div class=\"wpb_row row-inner\"><div class=\"wpb_column pos-top pos-center align_left column_parent col-lg-3 single-internal-gutter\"><div class=\"uncol style-light\"  ><div class=\"uncoltable\"><div class=\"uncell no-block-padding\" ><div class=\"uncont\" ><div class=\"uncode-single-media  text-left\"><div class=\"single-wrapper\" style=\"max-width: 100%;\"><div class=\"tmb tmb-light  tmb-media-first tmb-media-last tmb-content-overlay tmb-no-bg\"><div class=\"t-inside\"><div class=\"t-entry-visual\"><div class=\"t-entry-visual-tc\"><div class=\"uncode-single-media-wrapper\"><div class=\"fluid-svg\"><span id=\"icon-834035\" style=\"width:100%\" class=\"icon-media\"><img decoding=\"async\" src=\"https:\/\/haccounamatata.com\/wp-content\/uploads\/2022\/01\/Fichier-2.svg\" alt=\"\"><\/span><\/div><\/div>\n\t\t\t\t\t<\/div>\n\t\t\t\t<\/div><\/div><\/div><\/div><\/div><\/div><\/div><\/div><\/div><\/div><div class=\"wpb_column pos-top pos-center align_left column_parent col-lg-9 single-internal-gutter\"><div class=\"uncol style-light\"  ><div class=\"uncoltable\"><div class=\"uncell no-block-padding\" ><div class=\"uncont\" ><div class=\"uncode_text_column\" ><\/p>\n<div id=\"lipsum\">\n<p>Lorem ipsum dolor sit amet, consectetur adipiscing elit. Nunc molestie sapien eu nunc fringilla maximus. Nunc interdum euismod dignissim. Nunc congue a erat eu maximus. Integer placerat, ante eu egestas pulvinar, augue mauris eleifend sapien, vestibulum interdum leo ex vel magna. Donec id sapien ligula. Sed commodo urna purus, vitae pellentesque libero iaculis sit amet. In vulputate hendrerit libero. Mauris vitae odio sit amet nisl volutpat tincidunt vel at odio. Cras fermentum dui eu purus facilisis fermentum. Sed vel nibh finibus, aliquet libero ac, finibus lacus. Donec accumsan neque vitae dolor ultrices aliquam. Vestibulum nec magna lacus. Aenean ex odio, ultricies ut vestibulum sed, vehicula a lacus. Integer nec metus mi. Nulla vitae neque augue. Sed porttitor tincidunt ex nec cursus.<\/p>\n<p>Sed fermentum sed leo in faucibus. Vestibulum sollicitudin purus nec volutpat fringilla. Nulla neque magna, vehicula consequat ultricies quis, rhoncus nec felis. Nunc non nulla accumsan, pretium urna ut, vestibulum purus. Class aptent taciti sociosqu ad litora torquent per conubia nostra, per inceptos himenaeos. Pellentesque blandit lacus sit amet est ullamcorper, a vulputate libero mattis. Integer mattis, nisi nec viverra hendrerit, risus dui maximus arcu, vitae varius ipsum lorem semper nibh.<\/p>\n<p>Pellentesque id massa finibus, mollis lacus nec, ultrices sapien. Nullam a purus pellentesque, maximus risus sed, egestas purus. Mauris magna purus, rutrum ut risus vitae, convallis hendrerit dui. Nulla varius ante ullamcorper magna blandit, id rhoncus leo maximus. Suspendisse vitae felis ullamcorper, malesuada metus ac, sagittis lacus. Donec sed neque et ante feugiat congue nec ut mi. Aliquam erat volutpat. Proin mollis lacus eu libero aliquet, in lacinia risus maximus. Nulla aliquet, diam id auctor pharetra, mauris sapien tempor sem, nec bibendum arcu urna ac est. Morbi gravida sem id ex pharetra accumsan. Duis nec malesuada turpis, condimentum faucibus magna. Morbi non lorem laoreet, congue augue at, gravida ex. Mauris in est rhoncus, maximus leo sed, posuere arcu. Donec libero tellus, porttitor id nisl nec, convallis eleifend nisl. Morbi ut massa eu sem consectetur porttitor. Curabitur euismod, arcu ut volutpat porta, odio turpis mattis quam, ut condimentum purus mi ac massa.<\/p>\n<p>Morbi sodales lorem suscipit, rutrum nibh at, varius diam. Sed sit amet urna nisl. Nam mattis tincidunt leo, sed accumsan eros ultricies eu. Pellentesque habitant morbi tristique senectus et netus et malesuada fames ac turpis egestas. Ut laoreet nisi vel lorem commodo volutpat. Sed semper convallis suscipit. Ut ultricies, turpis non interdum tempor, leo risus finibus metus, sit amet fermentum nibh justo non orci. Morbi volutpat ligula at mauris scelerisque, non finibus dui efficitur. Nunc purus enim, eleifend a ullamcorper lacinia, blandit eget libero.<\/p>\n<\/div>\n<p>\n<\/div><\/div><\/div><\/div><\/div><\/div><script id=\"script-row-unique-1\" data-row=\"script-row-unique-1\" type=\"text\/javascript\" class=\"vc_controls\">UNCODE.initRow(document.getElementById(\"row-unique-1\"));<\/script><\/div><\/div><\/div>\n<\/div>","protected":false},"excerpt":{"rendered":"Infos pratiques Lorem ipsum dolor sit amet, consectetur adipiscing elit. Nunc molestie sapien eu nunc fringilla maximus. Nunc interdum euismod [...]","protected":false},"author":1,"featured_media":0,"parent":0,"menu_order":0,"comment_status":"closed","ping_status":"closed","template":"","meta":{"_joinchat":[],"footnotes":""},"class_list":["post-103868","page","type-page","status-publish","hentry"],"yoast_head":"<!-- This site is optimized with the Yoast SEO plugin v27.5 - https:\/\/yoast.com\/product\/yoast-seo-wordpress\/ -->\n<title>Nos voyages Infos pratiques - HaccounAmatata<\/title>\n<meta name=\"description\" content=\"D\u00e9couvrez nos petits plus que nous vous proposons dans votre voyage d\u00e9couverte. Profitez d&#039;un moment unique d&#039;Isra\u00ebl et plus encore !\" \/>\n<meta name=\"robots\" content=\"index, follow, max-snippet:-1, max-image-preview:large, max-video-preview:-1\" \/>\n<link rel=\"canonical\" href=\"https:\/\/haccounamatata.com\/en\/infos-pratiques\/\" \/>\n<meta property=\"og:locale\" content=\"en_US\" \/>\n<meta property=\"og:type\" content=\"article\" \/>\n<meta property=\"og:title\" content=\"Nos voyages Infos pratiques - HaccounAmatata\" \/>\n<meta property=\"og:description\" content=\"D\u00e9couvrez nos petits plus que nous vous proposons dans votre voyage d\u00e9couverte. Profitez d&#039;un moment unique d&#039;Isra\u00ebl et plus encore !\" \/>\n<meta property=\"og:url\" content=\"https:\/\/haccounamatata.com\/en\/infos-pratiques\/\" \/>\n<meta property=\"og:site_name\" content=\"HaccounAmatata\" \/>\n<meta property=\"article:modified_time\" content=\"2022-04-06T16:59:49+00:00\" \/>\n<meta name=\"twitter:card\" content=\"summary_large_image\" \/>\n<meta name=\"twitter:label1\" content=\"Est. reading time\" \/>\n\t<meta name=\"twitter:data1\" content=\"3 minutes\" \/>\n<script type=\"application\/ld+json\" class=\"yoast-schema-graph\">{\"@context\":\"https:\\\/\\\/schema.org\",\"@graph\":[{\"@type\":\"WebPage\",\"@id\":\"https:\\\/\\\/haccounamatata.com\\\/infos-pratiques\\\/\",\"url\":\"https:\\\/\\\/haccounamatata.com\\\/infos-pratiques\\\/\",\"name\":\"Nos voyages Infos pratiques - HaccounAmatata\",\"isPartOf\":{\"@id\":\"https:\\\/\\\/haccounamatata.com\\\/#website\"},\"datePublished\":\"2021-12-10T14:10:37+00:00\",\"dateModified\":\"2022-04-06T16:59:49+00:00\",\"description\":\"D\u00e9couvrez nos petits plus que nous vous proposons dans votre voyage d\u00e9couverte. Profitez d'un moment unique d'Isra\u00ebl et plus encore !\",\"breadcrumb\":{\"@id\":\"https:\\\/\\\/haccounamatata.com\\\/infos-pratiques\\\/#breadcrumb\"},\"inLanguage\":\"en-US\",\"potentialAction\":[{\"@type\":\"ReadAction\",\"target\":[\"https:\\\/\\\/haccounamatata.com\\\/infos-pratiques\\\/\"]}]},{\"@type\":\"BreadcrumbList\",\"@id\":\"https:\\\/\\\/haccounamatata.com\\\/infos-pratiques\\\/#breadcrumb\",\"itemListElement\":[{\"@type\":\"ListItem\",\"position\":1,\"name\":\"Accueil\",\"item\":\"https:\\\/\\\/haccounamatata.com\\\/\"},{\"@type\":\"ListItem\",\"position\":2,\"name\":\"Infos pratiques\"}]},{\"@type\":\"WebSite\",\"@id\":\"https:\\\/\\\/haccounamatata.com\\\/#website\",\"url\":\"https:\\\/\\\/haccounamatata.com\\\/\",\"name\":\"HaccounAmatata\",\"description\":\"Un voyage fantastique\",\"potentialAction\":[{\"@type\":\"SearchAction\",\"target\":{\"@type\":\"EntryPoint\",\"urlTemplate\":\"https:\\\/\\\/haccounamatata.com\\\/?s={search_term_string}\"},\"query-input\":{\"@type\":\"PropertyValueSpecification\",\"valueRequired\":true,\"valueName\":\"search_term_string\"}}],\"inLanguage\":\"en-US\"}]}<\/script>\n<!-- \/ Yoast SEO plugin. -->","yoast_head_json":{"title":"Nos voyages Infos pratiques - HaccounAmatata","description":"D\u00e9couvrez nos petits plus que nous vous proposons dans votre voyage d\u00e9couverte. Profitez d'un moment unique d'Isra\u00ebl et plus encore !","robots":{"index":"index","follow":"follow","max-snippet":"max-snippet:-1","max-image-preview":"max-image-preview:large","max-video-preview":"max-video-preview:-1"},"canonical":"https:\/\/haccounamatata.com\/en\/infos-pratiques\/","og_locale":"en_US","og_type":"article","og_title":"Nos voyages Infos pratiques - HaccounAmatata","og_description":"D\u00e9couvrez nos petits plus que nous vous proposons dans votre voyage d\u00e9couverte. Profitez d'un moment unique d'Isra\u00ebl et plus encore !","og_url":"https:\/\/haccounamatata.com\/en\/infos-pratiques\/","og_site_name":"HaccounAmatata","article_modified_time":"2022-04-06T16:59:49+00:00","twitter_card":"summary_large_image","twitter_misc":{"Est. reading time":"3 minutes"},"schema":{"@context":"https:\/\/schema.org","@graph":[{"@type":"WebPage","@id":"https:\/\/haccounamatata.com\/infos-pratiques\/","url":"https:\/\/haccounamatata.com\/infos-pratiques\/","name":"Nos voyages Infos pratiques - HaccounAmatata","isPartOf":{"@id":"https:\/\/haccounamatata.com\/#website"},"datePublished":"2021-12-10T14:10:37+00:00","dateModified":"2022-04-06T16:59:49+00:00","description":"D\u00e9couvrez nos petits plus que nous vous proposons dans votre voyage d\u00e9couverte. Profitez d'un moment unique d'Isra\u00ebl et plus encore !","breadcrumb":{"@id":"https:\/\/haccounamatata.com\/infos-pratiques\/#breadcrumb"},"inLanguage":"en-US","potentialAction":[{"@type":"ReadAction","target":["https:\/\/haccounamatata.com\/infos-pratiques\/"]}]},{"@type":"BreadcrumbList","@id":"https:\/\/haccounamatata.com\/infos-pratiques\/#breadcrumb","itemListElement":[{"@type":"ListItem","position":1,"name":"Accueil","item":"https:\/\/haccounamatata.com\/"},{"@type":"ListItem","position":2,"name":"Infos pratiques"}]},{"@type":"WebSite","@id":"https:\/\/haccounamatata.com\/#website","url":"https:\/\/haccounamatata.com\/","name":"HaccounAmatata","description":"Un voyage fantastique","potentialAction":[{"@type":"SearchAction","target":{"@type":"EntryPoint","urlTemplate":"https:\/\/haccounamatata.com\/?s={search_term_string}"},"query-input":{"@type":"PropertyValueSpecification","valueRequired":true,"valueName":"search_term_string"}}],"inLanguage":"en-US"}]}},"_links":{"self":[{"href":"https:\/\/haccounamatata.com\/en\/wp-json\/wp\/v2\/pages\/103868","targetHints":{"allow":["GET"]}}],"collection":[{"href":"https:\/\/haccounamatata.com\/en\/wp-json\/wp\/v2\/pages"}],"about":[{"href":"https:\/\/haccounamatata.com\/en\/wp-json\/wp\/v2\/types\/page"}],"author":[{"embeddable":true,"href":"https:\/\/haccounamatata.com\/en\/wp-json\/wp\/v2\/users\/1"}],"replies":[{"embeddable":true,"href":"https:\/\/haccounamatata.com\/en\/wp-json\/wp\/v2\/comments?post=103868"}],"version-history":[{"count":3,"href":"https:\/\/haccounamatata.com\/en\/wp-json\/wp\/v2\/pages\/103868\/revisions"}],"predecessor-version":[{"id":104128,"href":"https:\/\/haccounamatata.com\/en\/wp-json\/wp\/v2\/pages\/103868\/revisions\/104128"}],"wp:attachment":[{"href":"https:\/\/haccounamatata.com\/en\/wp-json\/wp\/v2\/media?parent=103868"}],"curies":[{"name":"wp","href":"https:\/\/api.w.org\/{rel}","templated":true}]}}