{"id":104213,"date":"2021-11-11T13:16:22","date_gmt":"2021-11-11T12:16:22","guid":{"rendered":"https:\/\/haccounamatata.com\/?page_id=104213"},"modified":"2022-04-06T18:59:31","modified_gmt":"2022-04-06T16:59:31","slug":"decouvrir-israel","status":"publish","type":"page","link":"https:\/\/haccounamatata.com\/en\/decouvrir-israel\/","title":{"rendered":"Discover Israel"},"content":{"rendered":"<div class=\"wpb-content-wrapper\"><div data-parent=\"true\" class=\"vc_row row-container with-parallax\" id=\"row-unique-0\"><div class=\"row-background background-element\">\n\t\t\t\t\t\t\t\t\t\t\t<div class=\"background-wrapper\">\n\t\t\t\t\t\t\t\t\t\t\t\t<div class=\"background-inner\" style=\"background-image: url(https:\/\/haccounamatata.com\/wp-content\/uploads\/2022\/01\/Untitled-design.png);background-repeat: no-repeat;background-position: center center;background-size: cover;\"><\/div>\n\t\t\t\t\t\t\t\t\t\t\t\t<div class=\"block-bg-overlay style-accent-bg\" style=\"opacity: 0.35;\"><\/div>\n\t\t\t\t\t\t\t\t\t\t\t<\/div>\n\t\t\t\t\t\t\t\t\t\t<\/div><div class=\"row unequal col-double-gutter quad-top-padding quad-bottom-padding single-h-padding limit-width row-parent\" data-height-ratio=\"50\"><div class=\"wpb_row row-inner\"><div class=\"wpb_column pos-middle pos-center align_center column_parent col-lg-12 single-internal-gutter\"><div class=\"uncol style-spec style-dark\"  ><div class=\"uncoltable\"><div class=\"uncell no-block-padding\" ><div class=\"uncont\" ><div class=\"vc_custom_heading_wrap\"><div class=\"heading-text el-text\" ><h3 class=\"fontsize-338686\" ><span>Discovering Israel means...<\/span><\/h3><\/div><div class=\"clear\"><\/div><\/div><\/div><\/div><\/div><\/div><\/div><script id=\"script-row-unique-0\" data-row=\"script-row-unique-0\" type=\"text\/javascript\" class=\"vc_controls\">UNCODE.initRow(document.getElementById(\"row-unique-0\"));<\/script><\/div><\/div><\/div><div data-parent=\"true\" class=\"vc_row row-container\" id=\"row-unique-1\"><div class=\"row unequal col-double-gutter quad-top-padding quad-bottom-padding quad-h-padding full-width row-parent\"><div class=\"wpb_row row-inner\"><div class=\"wpb_column pos-middle pos-center align_center column_parent col-lg-12 single-internal-gutter\"><div class=\"uncol style-light\"  ><div class=\"uncoltable\"><div class=\"uncell\" ><div class=\"uncont no-block-padding col-custom-width\" style=\" max-width:75%;\" ><div class=\"uncode_text_column text-lead\" ><p>diving into a thousand-year-old history,<span class=\"Apple-converted-space\">\u00a0<\/span><\/p>\n<p>meditating in Jerusalem in front of the Wailing Wall, on the esplanade of the Mosques or at the Holy Sepulcher,<span class=\"Apple-converted-space\">\u00a0<\/span><\/p>\n<p>visiting the Herodian fortress of Masada, in the Judean desert,<span class=\"Apple-converted-space\">\u00a0<\/span><\/p>\n<p>Strolling between the walls of Akko (Saint-Jean d'Acre) and visiting the Citadel of the Hospitallers and the Tunnel of the Templars,<span class=\"Apple-converted-space\">\u00a0<\/span><\/p>\n<h2><b>And that's not all...<span class=\"Apple-converted-space\">\u00a0<\/span><\/b><\/h2>\n<p>Discovering Israel means bathing in the Dead Sea at Ein Bokek, in the Red Sea at Eilat, in the Mediterranean at Hof Dor or in the cool waters of Lake Tiberias,<span class=\"Apple-converted-space\">\u00a0<\/span><\/p>\n<p>It\u2019s means strolling through Tel Aviv, the city wich \"never rests\", a shining symbol of the Start Up Nation,<span class=\"Apple-converted-space\">\u00a0<\/span><\/p>\n<p>It\u2019s to climb the steep streets of the port city of Haifa on the slopes of Mount Carmel, at the gates of the Galilee and the Golan Heights,<span class=\"Apple-converted-space\">\u00a0<\/span><\/p>\n<h2><b>Yet again, that's not all...<span class=\"Apple-converted-space\">\u00a0<\/span><\/b><\/h2>\n<p>Discovering Israel means hiking, horseback riding or driving, surfing in Netanya, hot-air ballooning in Jezreel Valley, sleeping in a Bedouin camp or tasting the culinary specialties of a multitude of cultures,<span class=\"Apple-converted-space\">\u00a0<\/span><\/p>\n<p>It\u2019s to admire the graffiti in the Florentine district or the Makhane Yehuda market, it is to blend into the melting pot of populations mingling daily,<span class=\"Apple-converted-space\">\u00a0<\/span><\/p>\n<p>It\u2019s also means discovering a rich, ancient, and preserved nature.<span class=\"Apple-converted-space\">\u00a0<\/span><\/p>\n<p>Discovering Israel means being in the heart of the world.<span class=\"Apple-converted-space\">\u00a0<\/span><\/p>\n<\/div><\/div><\/div><\/div><\/div><\/div><script id=\"script-row-unique-1\" data-row=\"script-row-unique-1\" type=\"text\/javascript\" class=\"vc_controls\">UNCODE.initRow(document.getElementById(\"row-unique-1\"));<\/script><\/div><\/div><\/div>\n<\/div>","protected":false},"excerpt":{"rendered":"D\u00e9couvrir Isra\u00ebl, c\u2019est\u2026plonger dans une histoire mill\u00e9naire,\u00a0 c\u2019est se recueillir \u00e0 J\u00e9rusalem devant le mur des Lamentations, sur l\u2019esplanade des [...]","protected":false},"author":1,"featured_media":104141,"parent":0,"menu_order":0,"comment_status":"closed","ping_status":"closed","template":"","meta":{"_joinchat":[],"footnotes":""},"class_list":["post-104213","page","type-page","status-publish","has-post-thumbnail","hentry"],"yoast_head":"<!-- This site is optimized with the Yoast SEO plugin v27.4 - https:\/\/yoast.com\/product\/yoast-seo-wordpress\/ -->\n<title>D\u00e9couvrir Isra\u00ebl - HaccounAmatata<\/title>\n<meta name=\"description\" content=\"D\u00e9couvrir Isra\u00ebl, c\u2019est se recueillir \u00e0 J\u00e9rusalem devant le mur des Lamentations, sur l\u2019esplanade des Mosqu\u00e9es ou au Saint-S\u00e9pulcre\" \/>\n<meta name=\"robots\" content=\"index, follow, max-snippet:-1, max-image-preview:large, max-video-preview:-1\" \/>\n<link rel=\"canonical\" href=\"https:\/\/haccounamatata.com\/en\/decouvrir-israel\/\" \/>\n<meta property=\"og:locale\" content=\"en_US\" \/>\n<meta property=\"og:type\" content=\"article\" \/>\n<meta property=\"og:title\" content=\"D\u00e9couvrir Isra\u00ebl - HaccounAmatata\" \/>\n<meta property=\"og:description\" content=\"D\u00e9couvrir Isra\u00ebl, c\u2019est se recueillir \u00e0 J\u00e9rusalem devant le mur des Lamentations, sur l\u2019esplanade des Mosqu\u00e9es ou au Saint-S\u00e9pulcre\" \/>\n<meta property=\"og:url\" content=\"https:\/\/haccounamatata.com\/en\/decouvrir-israel\/\" \/>\n<meta property=\"og:site_name\" content=\"HaccounAmatata\" \/>\n<meta property=\"article:modified_time\" content=\"2022-04-06T16:59:31+00:00\" \/>\n<meta property=\"og:image\" content=\"https:\/\/haccounamatata.com\/wp-content\/uploads\/2022\/01\/Untitled-design.png\" \/>\n\t<meta property=\"og:image:width\" content=\"1920\" \/>\n\t<meta property=\"og:image:height\" content=\"1080\" \/>\n\t<meta property=\"og:image:type\" content=\"image\/png\" \/>\n<meta name=\"twitter:card\" content=\"summary_large_image\" \/>\n<meta name=\"twitter:label1\" content=\"Est. reading time\" \/>\n\t<meta name=\"twitter:data1\" content=\"2 minutes\" \/>\n<script type=\"application\/ld+json\" class=\"yoast-schema-graph\">{\"@context\":\"https:\\\/\\\/schema.org\",\"@graph\":[{\"@type\":\"WebPage\",\"@id\":\"https:\\\/\\\/haccounamatata.com\\\/decouvrir-israel\\\/\",\"url\":\"https:\\\/\\\/haccounamatata.com\\\/decouvrir-israel\\\/\",\"name\":\"D\u00e9couvrir Isra\u00ebl - HaccounAmatata\",\"isPartOf\":{\"@id\":\"https:\\\/\\\/haccounamatata.com\\\/#website\"},\"primaryImageOfPage\":{\"@id\":\"https:\\\/\\\/haccounamatata.com\\\/decouvrir-israel\\\/#primaryimage\"},\"image\":{\"@id\":\"https:\\\/\\\/haccounamatata.com\\\/decouvrir-israel\\\/#primaryimage\"},\"thumbnailUrl\":\"https:\\\/\\\/haccounamatata.com\\\/wp-content\\\/uploads\\\/2022\\\/01\\\/Untitled-design.png\",\"datePublished\":\"2021-11-11T12:16:22+00:00\",\"dateModified\":\"2022-04-06T16:59:31+00:00\",\"description\":\"D\u00e9couvrir Isra\u00ebl, c\u2019est se recueillir \u00e0 J\u00e9rusalem devant le mur des Lamentations, sur l\u2019esplanade des Mosqu\u00e9es ou au Saint-S\u00e9pulcre\",\"breadcrumb\":{\"@id\":\"https:\\\/\\\/haccounamatata.com\\\/decouvrir-israel\\\/#breadcrumb\"},\"inLanguage\":\"en-US\",\"potentialAction\":[{\"@type\":\"ReadAction\",\"target\":[\"https:\\\/\\\/haccounamatata.com\\\/decouvrir-israel\\\/\"]}]},{\"@type\":\"ImageObject\",\"inLanguage\":\"en-US\",\"@id\":\"https:\\\/\\\/haccounamatata.com\\\/decouvrir-israel\\\/#primaryimage\",\"url\":\"https:\\\/\\\/haccounamatata.com\\\/wp-content\\\/uploads\\\/2022\\\/01\\\/Untitled-design.png\",\"contentUrl\":\"https:\\\/\\\/haccounamatata.com\\\/wp-content\\\/uploads\\\/2022\\\/01\\\/Untitled-design.png\",\"width\":1920,\"height\":1080},{\"@type\":\"BreadcrumbList\",\"@id\":\"https:\\\/\\\/haccounamatata.com\\\/decouvrir-israel\\\/#breadcrumb\",\"itemListElement\":[{\"@type\":\"ListItem\",\"position\":1,\"name\":\"Accueil\",\"item\":\"https:\\\/\\\/haccounamatata.com\\\/\"},{\"@type\":\"ListItem\",\"position\":2,\"name\":\"D\u00e9couvrir Isra\u00ebl\"}]},{\"@type\":\"WebSite\",\"@id\":\"https:\\\/\\\/haccounamatata.com\\\/#website\",\"url\":\"https:\\\/\\\/haccounamatata.com\\\/\",\"name\":\"HaccounAmatata\",\"description\":\"Un voyage fantastique\",\"potentialAction\":[{\"@type\":\"SearchAction\",\"target\":{\"@type\":\"EntryPoint\",\"urlTemplate\":\"https:\\\/\\\/haccounamatata.com\\\/?s={search_term_string}\"},\"query-input\":{\"@type\":\"PropertyValueSpecification\",\"valueRequired\":true,\"valueName\":\"search_term_string\"}}],\"inLanguage\":\"en-US\"}]}<\/script>\n<!-- \/ Yoast SEO plugin. -->","yoast_head_json":{"title":"D\u00e9couvrir Isra\u00ebl - HaccounAmatata","description":"D\u00e9couvrir Isra\u00ebl, c\u2019est se recueillir \u00e0 J\u00e9rusalem devant le mur des Lamentations, sur l\u2019esplanade des Mosqu\u00e9es ou au Saint-S\u00e9pulcre","robots":{"index":"index","follow":"follow","max-snippet":"max-snippet:-1","max-image-preview":"max-image-preview:large","max-video-preview":"max-video-preview:-1"},"canonical":"https:\/\/haccounamatata.com\/en\/decouvrir-israel\/","og_locale":"en_US","og_type":"article","og_title":"D\u00e9couvrir Isra\u00ebl - HaccounAmatata","og_description":"D\u00e9couvrir Isra\u00ebl, c\u2019est se recueillir \u00e0 J\u00e9rusalem devant le mur des Lamentations, sur l\u2019esplanade des Mosqu\u00e9es ou au Saint-S\u00e9pulcre","og_url":"https:\/\/haccounamatata.com\/en\/decouvrir-israel\/","og_site_name":"HaccounAmatata","article_modified_time":"2022-04-06T16:59:31+00:00","og_image":[{"width":1920,"height":1080,"url":"https:\/\/haccounamatata.com\/wp-content\/uploads\/2022\/01\/Untitled-design.png","type":"image\/png"}],"twitter_card":"summary_large_image","twitter_misc":{"Est. reading time":"2 minutes"},"schema":{"@context":"https:\/\/schema.org","@graph":[{"@type":"WebPage","@id":"https:\/\/haccounamatata.com\/decouvrir-israel\/","url":"https:\/\/haccounamatata.com\/decouvrir-israel\/","name":"D\u00e9couvrir Isra\u00ebl - HaccounAmatata","isPartOf":{"@id":"https:\/\/haccounamatata.com\/#website"},"primaryImageOfPage":{"@id":"https:\/\/haccounamatata.com\/decouvrir-israel\/#primaryimage"},"image":{"@id":"https:\/\/haccounamatata.com\/decouvrir-israel\/#primaryimage"},"thumbnailUrl":"https:\/\/haccounamatata.com\/wp-content\/uploads\/2022\/01\/Untitled-design.png","datePublished":"2021-11-11T12:16:22+00:00","dateModified":"2022-04-06T16:59:31+00:00","description":"D\u00e9couvrir Isra\u00ebl, c\u2019est se recueillir \u00e0 J\u00e9rusalem devant le mur des Lamentations, sur l\u2019esplanade des Mosqu\u00e9es ou au Saint-S\u00e9pulcre","breadcrumb":{"@id":"https:\/\/haccounamatata.com\/decouvrir-israel\/#breadcrumb"},"inLanguage":"en-US","potentialAction":[{"@type":"ReadAction","target":["https:\/\/haccounamatata.com\/decouvrir-israel\/"]}]},{"@type":"ImageObject","inLanguage":"en-US","@id":"https:\/\/haccounamatata.com\/decouvrir-israel\/#primaryimage","url":"https:\/\/haccounamatata.com\/wp-content\/uploads\/2022\/01\/Untitled-design.png","contentUrl":"https:\/\/haccounamatata.com\/wp-content\/uploads\/2022\/01\/Untitled-design.png","width":1920,"height":1080},{"@type":"BreadcrumbList","@id":"https:\/\/haccounamatata.com\/decouvrir-israel\/#breadcrumb","itemListElement":[{"@type":"ListItem","position":1,"name":"Accueil","item":"https:\/\/haccounamatata.com\/"},{"@type":"ListItem","position":2,"name":"D\u00e9couvrir Isra\u00ebl"}]},{"@type":"WebSite","@id":"https:\/\/haccounamatata.com\/#website","url":"https:\/\/haccounamatata.com\/","name":"HaccounAmatata","description":"Un voyage fantastique","potentialAction":[{"@type":"SearchAction","target":{"@type":"EntryPoint","urlTemplate":"https:\/\/haccounamatata.com\/?s={search_term_string}"},"query-input":{"@type":"PropertyValueSpecification","valueRequired":true,"valueName":"search_term_string"}}],"inLanguage":"en-US"}]}},"_links":{"self":[{"href":"https:\/\/haccounamatata.com\/en\/wp-json\/wp\/v2\/pages\/104213","targetHints":{"allow":["GET"]}}],"collection":[{"href":"https:\/\/haccounamatata.com\/en\/wp-json\/wp\/v2\/pages"}],"about":[{"href":"https:\/\/haccounamatata.com\/en\/wp-json\/wp\/v2\/types\/page"}],"author":[{"embeddable":true,"href":"https:\/\/haccounamatata.com\/en\/wp-json\/wp\/v2\/users\/1"}],"replies":[{"embeddable":true,"href":"https:\/\/haccounamatata.com\/en\/wp-json\/wp\/v2\/comments?post=104213"}],"version-history":[{"count":6,"href":"https:\/\/haccounamatata.com\/en\/wp-json\/wp\/v2\/pages\/104213\/revisions"}],"predecessor-version":[{"id":104421,"href":"https:\/\/haccounamatata.com\/en\/wp-json\/wp\/v2\/pages\/104213\/revisions\/104421"}],"wp:featuredmedia":[{"embeddable":true,"href":"https:\/\/haccounamatata.com\/en\/wp-json\/wp\/v2\/media\/104141"}],"wp:attachment":[{"href":"https:\/\/haccounamatata.com\/en\/wp-json\/wp\/v2\/media?parent=104213"}],"curies":[{"name":"wp","href":"https:\/\/api.w.org\/{rel}","templated":true}]}}