{"id":104380,"date":"2021-11-11T13:16:22","date_gmt":"2021-11-11T12:16:22","guid":{"rendered":"https:\/\/haccounamatata.com\/?page_id=104380"},"modified":"2022-06-06T11:53:01","modified_gmt":"2022-06-06T09:53:01","slug":"cgu","status":"publish","type":"page","link":"https:\/\/haccounamatata.com\/en\/cgu\/","title":{"rendered":"General terms and conditions of use"},"content":{"rendered":"<div class=\"wpb-content-wrapper\"><div data-parent=\"true\" class=\"vc_row has-bg need-focus style-color-207560-bg row-container onepage-section\" data-label=\"Welcome\" data-name=\"welcome\" id=\"row-unique-0\"><div class=\"row-background background-element\" style=\"opacity: 1;\">\n\t\t\t\t\t\t\t\t\t\t\t<div class=\"background-wrapper\">\n\t\t\t\t\t\t\t\t\t\t\t\t<div class=\"background-inner\"><\/div>\n\t\t\t\t\t\t\t\t\t\t\t\t<div class=\"block-bg-overlay style-accent-bg\" style=\"opacity: 0.4;\"><\/div>\n\t\t\t\t\t\t\t\t\t\t\t<\/div>\n\t\t\t\t\t\t\t\t\t\t<\/div><div class=\"row unequal col-no-gutter limit-width row-parent\" data-height-ratio=\"50\"><div class=\"wpb_row row-inner\"><div class=\"wpb_column pos-middle pos-center align_center column_parent col-lg-12 single-internal-gutter\"><div class=\"uncol style-spec style-dark\"  ><div class=\"uncoltable\"><div class=\"uncell no-block-padding\" ><div class=\"uncont\" ><div class=\"vc_row row-internal row-container\"><div class=\"row row-child\"><div class=\"wpb_row row-inner\"><div class=\"wpb_column pos-middle pos-center align_center column_child col-lg-12 single-internal-gutter\"><div class=\"uncol style-spec style-dark\" ><div class=\"uncoltable\"><div class=\"uncell no-block-padding\" ><div class=\"uncont\" ><div class=\"vc_custom_heading_wrap\"><div class=\"heading-text el-text top-t-bottom animate_when_almost_visible\" data-delay=\"200\"><h1 class=\"fontsize-445851\" ><span>General terms and conditions of use<\/span><\/h1><\/div><div class=\"clear\"><\/div><\/div><\/div><\/div><\/div><\/div><\/div><\/div><\/div><\/div><\/div><\/div><\/div><\/div><\/div><script id=\"script-row-unique-0\" data-row=\"script-row-unique-0\" type=\"text\/javascript\" class=\"vc_controls\">UNCODE.initRow(document.getElementById(\"row-unique-0\"));<\/script><\/div><\/div><\/div><div data-parent=\"true\" class=\"vc_row row-container\" id=\"row-unique-1\"><div class=\"row limit-width row-parent\"><div class=\"wpb_row row-inner\"><div class=\"wpb_column pos-top pos-center align_left column_parent col-lg-12 single-internal-gutter\"><div class=\"uncol style-light\"  ><div class=\"uncoltable\"><div class=\"uncell no-block-padding\" ><div class=\"uncont\" ><div class=\"uncode_text_column\" ><p>The purpose of these general terms and conditions of use (known as \"GTU\") is to provide a legal framework for the terms and conditions for the provision of the site and services by Haccoun &amp; associ\u00e9e and to define the conditions of access and use of the services by \"the user\". These GTUs are accessible on the site under the \" GTUs section.<\/p>\n<h2>Article 1: Legal notices<\/h2>\n<p>L&rsquo;\u00e9dition du site haccounamatata.com est assur\u00e9e par Haccoun &amp; associ\u00e9e, Soci\u00e9t\u00e9 en commandite, immatricul\u00e9e au Registre du Commerce de Gen\u00e8ve sous le num\u00e9ro CHE-114.791.377, dont le si\u00e8ge social est situ\u00e9 au Chemin Lullin 17 1256 Troinex CH. Num\u00e9ro de t\u00e9l\u00e9phone <a href=\"tel:+41793056871\">+41793056871<\/a><\/p>\n<p>The Director of publication is:\nHaccoun Robert Guy<\/p>\n<p>The host of the site haccounamatata.com is the company\n1&amp;1 Internet SARL\n whose head office is located at\n7, place de la Gare, BP 70109 57200 Sarreguemines Cedex, France\nwith phone number: <a href=\"tel:+33970808911\">+ 33 9 70 808 911<\/a>.<\/p>\n<h2>ARTICLE 2: Access to the site<\/h2>\n<p>The haccounamatata.com site allows the User free access to the following services:<\/p>\n<p>The website offers the following services : Tourism<\/p>\n<p>The site is accessible free of charge anywhere to any User with Internet access. All costs incurred by the User to access the service (hardware, software, Internet connection, etc.) are his responsibility.<\/p>\n<h2>ARTICLE 3: Data collection<\/h2>\n<p>The haccounamatata.com site is exempt from reporting to the Federal Data Protection and Transparency Commissioner (PFPDT) under the General Data Protection Regulation (GDPR)\ninsofar as it does not collect any data concerning Users.<\/p>\n<h2>ARTICLE 4: Intellectual property<\/h2>\n<p>The trademarks, logos, signs as well as all the content of the site (texts, images, sound, etc.) are protected by the Intellectual Property Code and more particularly by copyright.<\/p>\n<p>The User must seek the prior authorization of the site for any reproduction, publication, copy of the various contents. He undertakes to use the contents of the site in a strictly private context, any use for commercial and advertising purposes is strictly prohibited.<\/p>\n<p>Any total or partial representation of this site by any process whatsoever, without the express authorization of the operator of the website would constitute an infringement punishable by article 10 LDA and following of the Intellectual Property Code.<\/p>\n<p>It is recalled in accordance with article art. 25 LDA of the Intellectual Property Code that the User who reproduces, copies, or publishes the protected content must cite the author and its source.<\/p>\n<h2>ARTICLE 5: Liability<\/h2>\n<p>The sources of the information published on the haccounamatata.com site are deemed reliable, but the site does not guarantee that it is free from faults, errors, or omissions.<\/p>\n<p>The information provided is presented for information and general purposes without contractual value. Despite regular updates, the haccounamatata.com site cannot be held responsible for the modification of the administrative and legal provisions occurring after publication. Similarly, the site cannot be held responsible for the use and interpretation of the information contained on this site.<\/p>\n<p>The haccounamatata.com site cannot be held responsible for any viruses that could infect the computer or any computer equipment of the Internet user, following use, access, or download from this site.<\/p>\n<p>The site cannot be held liable in the event of force majeure or the unforeseeable and insurmountable act of a third party.<\/p>\n<h2>ARTICLE 6: Hypertext links<\/h2>\n<p>Hypertext links may be present on the site. The User is informed that by clicking on these links, he will leave the site haccounamatata.com. The latter has no control over the web pages to which these links lead and cannot, under any circumstances, be responsible for their content.<\/p>\n<h2>SECTION 7: Cookies<\/h2>\n<p>The User is informed that during his visits to the site, a cookie may be automatically installed on his navigation software.\nCookies are small files temporarily stored on the hard drive of the User's computer by your browser and which are necessary for the use of the site haccounamatata.com. Cookies do not contain personal information and cannot be used to identify anyone. A cookie contains a unique identifier, randomly generated and therefore anonymous. Some cookies expire at the end of the User's visit, others remain.<\/p>\n<p>The information contained in the cookies is used to improve the site haccounamatata.com. By browsing the site, the User accepts them.\nHowever, the User must give his consent to the use of certain cookies.\nFailing acceptance, the User is informed that certain features or pages may be refused.\nThe User may deactivate these cookies via the parameters appearing in his browser software.<\/p>\n<h2>ARTICLE 8: Applicable law and competent jurisdiction<\/h2>\n<p>Swiss law applies to this contract. In the event of absence of amicable resolution of a dispute arising between the parties, the Geneva courts will have sole jurisdiction to hear it. For any question relating to the application of these GTUs, you can contact the publisher at the contact details listed in ARTICLE 1.<\/p>\n<p>GTU In force on 03\/24\/2022<\/p>\n<\/div><\/div><\/div><\/div><\/div><\/div><script id=\"script-row-unique-1\" data-row=\"script-row-unique-1\" type=\"text\/javascript\" class=\"vc_controls\">UNCODE.initRow(document.getElementById(\"row-unique-1\"));<\/script><\/div><\/div><\/div>\n<\/div>","protected":false},"excerpt":{"rendered":"Conditions G\u00e9n\u00e9rales d\u2019Utilisation (CGU)Les pr\u00e9sentes conditions g\u00e9n\u00e9rales d&rsquo;utilisation (dites \u00ab CGU \u00bb) ont pour objet l&rsquo;encadrement juridique des modalit\u00e9s de [...]","protected":false},"author":1,"featured_media":0,"parent":0,"menu_order":0,"comment_status":"closed","ping_status":"closed","template":"","meta":{"_joinchat":[],"footnotes":""},"class_list":["post-104380","page","type-page","status-publish","hentry"],"yoast_head":"<!-- This site is optimized with the Yoast SEO plugin v27.4 - https:\/\/yoast.com\/product\/yoast-seo-wordpress\/ -->\n<title>Conditions G\u00e9n\u00e9rales d\u2019Utilisation (CGU) - HaccounAmatata<\/title>\n<meta name=\"robots\" content=\"index, follow, max-snippet:-1, max-image-preview:large, max-video-preview:-1\" \/>\n<link rel=\"canonical\" href=\"https:\/\/haccounamatata.com\/en\/cgu\/\" \/>\n<meta property=\"og:locale\" content=\"en_US\" \/>\n<meta property=\"og:type\" content=\"article\" \/>\n<meta property=\"og:title\" content=\"Conditions G\u00e9n\u00e9rales d\u2019Utilisation (CGU) - HaccounAmatata\" \/>\n<meta property=\"og:url\" content=\"https:\/\/haccounamatata.com\/en\/cgu\/\" \/>\n<meta property=\"og:site_name\" content=\"HaccounAmatata\" \/>\n<meta property=\"article:modified_time\" content=\"2022-06-06T09:53:01+00:00\" \/>\n<meta name=\"twitter:card\" content=\"summary_large_image\" \/>\n<meta name=\"twitter:label1\" content=\"Est. reading time\" \/>\n\t<meta name=\"twitter:data1\" content=\"5 minutes\" \/>\n<script type=\"application\/ld+json\" class=\"yoast-schema-graph\">{\"@context\":\"https:\\\/\\\/schema.org\",\"@graph\":[{\"@type\":\"WebPage\",\"@id\":\"https:\\\/\\\/haccounamatata.com\\\/cgu\\\/\",\"url\":\"https:\\\/\\\/haccounamatata.com\\\/cgu\\\/\",\"name\":\"Conditions G\u00e9n\u00e9rales d\u2019Utilisation (CGU) - HaccounAmatata\",\"isPartOf\":{\"@id\":\"https:\\\/\\\/haccounamatata.com\\\/#website\"},\"datePublished\":\"2021-11-11T12:16:22+00:00\",\"dateModified\":\"2022-06-06T09:53:01+00:00\",\"breadcrumb\":{\"@id\":\"https:\\\/\\\/haccounamatata.com\\\/cgu\\\/#breadcrumb\"},\"inLanguage\":\"en-US\",\"potentialAction\":[{\"@type\":\"ReadAction\",\"target\":[\"https:\\\/\\\/haccounamatata.com\\\/cgu\\\/\"]}]},{\"@type\":\"BreadcrumbList\",\"@id\":\"https:\\\/\\\/haccounamatata.com\\\/cgu\\\/#breadcrumb\",\"itemListElement\":[{\"@type\":\"ListItem\",\"position\":1,\"name\":\"Accueil\",\"item\":\"https:\\\/\\\/haccounamatata.com\\\/\"},{\"@type\":\"ListItem\",\"position\":2,\"name\":\"Conditions G\u00e9n\u00e9rales d\u2019Utilisation (CGU)\"}]},{\"@type\":\"WebSite\",\"@id\":\"https:\\\/\\\/haccounamatata.com\\\/#website\",\"url\":\"https:\\\/\\\/haccounamatata.com\\\/\",\"name\":\"HaccounAmatata\",\"description\":\"Un voyage fantastique\",\"potentialAction\":[{\"@type\":\"SearchAction\",\"target\":{\"@type\":\"EntryPoint\",\"urlTemplate\":\"https:\\\/\\\/haccounamatata.com\\\/?s={search_term_string}\"},\"query-input\":{\"@type\":\"PropertyValueSpecification\",\"valueRequired\":true,\"valueName\":\"search_term_string\"}}],\"inLanguage\":\"en-US\"}]}<\/script>\n<!-- \/ Yoast SEO plugin. -->","yoast_head_json":{"title":"Conditions G\u00e9n\u00e9rales d\u2019Utilisation (CGU) - HaccounAmatata","robots":{"index":"index","follow":"follow","max-snippet":"max-snippet:-1","max-image-preview":"max-image-preview:large","max-video-preview":"max-video-preview:-1"},"canonical":"https:\/\/haccounamatata.com\/en\/cgu\/","og_locale":"en_US","og_type":"article","og_title":"Conditions G\u00e9n\u00e9rales d\u2019Utilisation (CGU) - HaccounAmatata","og_url":"https:\/\/haccounamatata.com\/en\/cgu\/","og_site_name":"HaccounAmatata","article_modified_time":"2022-06-06T09:53:01+00:00","twitter_card":"summary_large_image","twitter_misc":{"Est. reading time":"5 minutes"},"schema":{"@context":"https:\/\/schema.org","@graph":[{"@type":"WebPage","@id":"https:\/\/haccounamatata.com\/cgu\/","url":"https:\/\/haccounamatata.com\/cgu\/","name":"Conditions G\u00e9n\u00e9rales d\u2019Utilisation (CGU) - HaccounAmatata","isPartOf":{"@id":"https:\/\/haccounamatata.com\/#website"},"datePublished":"2021-11-11T12:16:22+00:00","dateModified":"2022-06-06T09:53:01+00:00","breadcrumb":{"@id":"https:\/\/haccounamatata.com\/cgu\/#breadcrumb"},"inLanguage":"en-US","potentialAction":[{"@type":"ReadAction","target":["https:\/\/haccounamatata.com\/cgu\/"]}]},{"@type":"BreadcrumbList","@id":"https:\/\/haccounamatata.com\/cgu\/#breadcrumb","itemListElement":[{"@type":"ListItem","position":1,"name":"Accueil","item":"https:\/\/haccounamatata.com\/"},{"@type":"ListItem","position":2,"name":"Conditions G\u00e9n\u00e9rales d\u2019Utilisation (CGU)"}]},{"@type":"WebSite","@id":"https:\/\/haccounamatata.com\/#website","url":"https:\/\/haccounamatata.com\/","name":"HaccounAmatata","description":"Un voyage fantastique","potentialAction":[{"@type":"SearchAction","target":{"@type":"EntryPoint","urlTemplate":"https:\/\/haccounamatata.com\/?s={search_term_string}"},"query-input":{"@type":"PropertyValueSpecification","valueRequired":true,"valueName":"search_term_string"}}],"inLanguage":"en-US"}]}},"_links":{"self":[{"href":"https:\/\/haccounamatata.com\/en\/wp-json\/wp\/v2\/pages\/104380","targetHints":{"allow":["GET"]}}],"collection":[{"href":"https:\/\/haccounamatata.com\/en\/wp-json\/wp\/v2\/pages"}],"about":[{"href":"https:\/\/haccounamatata.com\/en\/wp-json\/wp\/v2\/types\/page"}],"author":[{"embeddable":true,"href":"https:\/\/haccounamatata.com\/en\/wp-json\/wp\/v2\/users\/1"}],"replies":[{"embeddable":true,"href":"https:\/\/haccounamatata.com\/en\/wp-json\/wp\/v2\/comments?post=104380"}],"version-history":[{"count":4,"href":"https:\/\/haccounamatata.com\/en\/wp-json\/wp\/v2\/pages\/104380\/revisions"}],"predecessor-version":[{"id":104595,"href":"https:\/\/haccounamatata.com\/en\/wp-json\/wp\/v2\/pages\/104380\/revisions\/104595"}],"wp:attachment":[{"href":"https:\/\/haccounamatata.com\/en\/wp-json\/wp\/v2\/media?parent=104380"}],"curies":[{"name":"wp","href":"https:\/\/api.w.org\/{rel}","templated":true}]}}