{"id":103835,"date":"2021-12-10T15:10:37","date_gmt":"2021-12-10T14:10:37","guid":{"rendered":"https:\/\/haccounamatata.com\/?page_id=103835"},"modified":"2022-04-06T18:59:41","modified_gmt":"2022-04-06T16:59:41","slug":"et-plus-encore","status":"publish","type":"page","link":"https:\/\/haccounamatata.com\/he\/et-plus-encore\/","title":{"rendered":"\u05e2\u05d5\u05d3...\u05d5\u05e2\u05d5\u05d3"},"content":{"rendered":"<div class=\"wpb-content-wrapper\"><div data-parent=\"true\" class=\"vc_row row-container with-parallax\" id=\"row-unique-0\"><div class=\"row-background background-element\">\n\t\t\t\t\t\t\t\t\t\t\t<div class=\"background-wrapper\">\n\t\t\t\t\t\t\t\t\t\t\t\t<div class=\"background-inner\" style=\"background-image: url(https:\/\/haccounamatata.com\/wp-content\/uploads\/2022\/01\/israel-flag-is-painted-onto-an-old-brick-wall-2021-08-29-08-48-54-utc.jpg);background-repeat: no-repeat;background-position: center center;background-size: cover;\"><\/div>\n\t\t\t\t\t\t\t\t\t\t\t\t<div class=\"block-bg-overlay style-color-prif-bg\" style=\"opacity: 0.5;\"><\/div>\n\t\t\t\t\t\t\t\t\t\t\t<\/div>\n\t\t\t\t\t\t\t\t\t\t<\/div><div class=\"row unequal col-double-gutter quad-top-padding quad-bottom-padding single-h-padding limit-width row-parent\" data-height-ratio=\"50\"><div class=\"wpb_row row-inner\"><div class=\"wpb_column pos-middle pos-center align_center column_parent col-lg-12 single-internal-gutter\"><div class=\"uncol style-spec style-dark\"  ><div class=\"uncoltable\"><div class=\"uncell no-block-padding\" ><div class=\"uncont\" ><div class=\"vc_custom_heading_wrap\"><div class=\"heading-text el-text\" ><h1 class=\"font-613363 fontsize-338686 fontspace-781688 font-weight-400\" ><span>\u05e2\u05d5\u05d3...\u05d5\u05e2\u05d5\u05d3<\/span><\/h1><\/div><div class=\"clear\"><\/div><\/div><\/div><\/div><\/div><\/div><\/div><script id=\"script-row-unique-0\" data-row=\"script-row-unique-0\" type=\"text\/javascript\" class=\"vc_controls\">UNCODE.initRow(document.getElementById(\"row-unique-0\"));<\/script><\/div><\/div><\/div><div data-parent=\"true\" class=\"vc_row row-container\" id=\"row-unique-1\"><div class=\"row no-top-padding single-bottom-padding no-h-padding full-width row-parent\"><div class=\"wpb_row row-inner\"><div class=\"wpb_column pos-top pos-center align_center column_parent col-lg-12 double-internal-gutter\"><div class=\"uncol style-light\"  ><div class=\"uncoltable\"><div class=\"uncell no-block-padding\" ><div class=\"uncont\" ><div id=\"index-1\" class=\"isotope-system isotope-general-light grid-general-light\" >\n\t\t\t\n\t\t\t\t\t\t\t\t\t\t\t\t\t\t<div class=\"isotope-wrapper grid-wrapper single-gutter isotope-inner-padding grid-inner-padding style-color-xsdn-bg\" >\t\t\t\t\t\t\t\t\t\t\t\t<div class=\"isotope-container grid-container isotope-layout style-masonry isotope-pagination grid-pagination\" data-type=\"masonry\" data-layout=\"masonry\" data-lg=\"1000\" data-md=\"800\" data-sm=\"600\" data-vp-height=\"\">\t\t\t<div class=\"tmb atc-typography-inherit tmb-iso-w4 tmb-iso-h4 tmb-light tmb-overlay-text-anim tmb-overlay-anim tmb-overlay-text-reduced tmb-overlay-center tmb-overlay-middle tmb-overlay-text-center  grid-cat-140 tmb-id-103680 tmb-img-ratio tmb-media-first tmb-media-last tmb-content-overlay\" ><div class=\"t-inside style-color-xsdn-bg animate_when_almost_visible bottom-t-top\" data-delay=\"200\" data-speed=\"600\"><div class=\"t-entry-visual\"><div class=\"t-entry-visual-tc\"><div class=\"t-entry-visual-cont\"><div class=\"dummy\" style=\"padding-top: 75%;\"><\/div><a href=\"https:\/\/haccounamatata.com\/he\/archeologie\/\"  class=\"pushed\" target=\"_self\" data-lb-index=\"0\"><div class=\"t-entry-visual-overlay\"><div class=\"t-entry-visual-overlay-in style-accent-bg\" style=\"opacity: 0.85;\"><\/div><\/div><div class=\"t-overlay-wrap\"><div class=\"t-overlay-inner\">\n\t\t\t\t\t\t\t\t\t\t\t\t\t\t<div class=\"t-overlay-content\">\n\t\t\t\t\t\t\t\t\t\t\t\t\t\t\t<div class=\"t-overlay-text single-block-padding\"><div class=\"t-entry\"><h3 class=\"t-entry-title h4 title-scale\">\u05d0\u05e8\u05db\u05d9\u05d0\u05d5\u05dc\u05d5\u05d2\u05d9\u05d4<\/h3><div class=\"t-entry-excerpt\"><p>\u05d0\u05ea\u05dd \u05d7\u05d5\u05d1\u05d1\u05d9 \u05d4\u05d9\u05e1\u05d8\u05d5\u05e8\u05d9\u05d4 \u05d5\u05e2\u05d3\u05d9\u05d9\u05df \u05dc\u05d0 \u05e0\u05d8\u05dc\u05ea\u05dd \u05d7\u05dc\u05e7 \u05d1\u05d7\u05e4\u05d9\u05e8\u05d4 \u05d0\u05e8\u05db\u05d0\u05d5\u05dc\u05d5\u05d2\u05d9\u05ea ?<\/p><\/div><p class=\"t-entry-readmore btn-container\"><span class=\"btn btn-default btn-circle\">Read More<\/span><\/p><\/div><\/div><\/div><\/div><\/div><img decoding=\"async\" class=\"wp-image-104227\" src=\"https:\/\/haccounamatata.com\/wp-content\/uploads\/2021\/12\/archaeologist-recovering-ancient-pottery-object-2021-08-27-11-01-03-utc-uai-1706x1280.jpg\" width=\"1706\" height=\"1280\" alt=\"\" \/><\/a><\/div>\n\t\t\t\t\t<\/div>\n\t\t\t\t<\/div><\/div><\/div><div class=\"tmb atc-typography-inherit tmb-iso-w4 tmb-iso-h4 tmb-light tmb-overlay-text-anim tmb-overlay-anim tmb-overlay-text-reduced tmb-overlay-center tmb-overlay-middle tmb-overlay-text-center  grid-cat-140 tmb-id-104362 tmb-img-ratio tmb-media-first tmb-media-last tmb-content-overlay\" ><div class=\"t-inside style-color-xsdn-bg animate_when_almost_visible bottom-t-top\" data-delay=\"200\" data-speed=\"600\"><div class=\"t-entry-visual\"><div class=\"t-entry-visual-tc\"><div class=\"t-entry-visual-cont\"><div class=\"dummy\" style=\"padding-top: 75%;\"><\/div><a href=\"https:\/\/haccounamatata.com\/he\/architecture\/\"  class=\"pushed\" target=\"_self\" data-lb-index=\"1\"><div class=\"t-entry-visual-overlay\"><div class=\"t-entry-visual-overlay-in style-accent-bg\" style=\"opacity: 0.85;\"><\/div><\/div><div class=\"t-overlay-wrap\"><div class=\"t-overlay-inner\">\n\t\t\t\t\t\t\t\t\t\t\t\t\t\t<div class=\"t-overlay-content\">\n\t\t\t\t\t\t\t\t\t\t\t\t\t\t\t<div class=\"t-overlay-text single-block-padding\"><div class=\"t-entry\"><h3 class=\"t-entry-title h4 title-scale\">\u05d0\u05d3\u05e8\u05d9\u05db\u05dc\u05d5\u05ea<\/h3><div class=\"t-entry-excerpt\"><p>\u05dc\u05e9\u05d8\u05d8 \u05d1\u05e8\u05d7\u05d5\u05d1\u05d5\u05ea \u05ea\u05dc \u05d0\u05d1\u05d9\u05d1 \u05d6\u05d4 \u05dc\u05ea\u05ea \u05dc\u05de\u05d1\u05d8 \u05dc\u05d4\u05e0\u05d5\u05ea \u05de\u05df \u05d4\u05e7\u05d5\u05e0\u05e1\u05e4\u05d8 \u05d4\u05d0\u05d3\u05e8\u05d9\u05db\u05dc\u05d9 \u05d4\u05de\u05d9\u05d5\u05d7\u05d3...<\/p><\/div><p class=\"t-entry-readmore btn-container\"><span class=\"btn btn-default btn-circle\">Read More<\/span><\/p><\/div><\/div><\/div><\/div><\/div><img decoding=\"async\" class=\"wp-image-104449\" src=\"https:\/\/haccounamatata.com\/wp-content\/uploads\/2021\/12\/Depositphotos_247628412_DS-uai-1706x1280.jpg\" width=\"1706\" height=\"1280\" alt=\"\" \/><\/a><\/div>\n\t\t\t\t\t<\/div>\n\t\t\t\t<\/div><\/div><\/div><div class=\"tmb atc-typography-inherit tmb-iso-w4 tmb-iso-h4 tmb-light tmb-overlay-text-anim tmb-overlay-anim tmb-overlay-text-reduced tmb-overlay-center tmb-overlay-middle tmb-overlay-text-center  grid-cat-140 tmb-id-103692 tmb-img-ratio tmb-media-first tmb-media-last tmb-content-overlay\" ><div class=\"t-inside style-color-xsdn-bg animate_when_almost_visible bottom-t-top\" data-delay=\"200\" data-speed=\"600\"><div class=\"t-entry-visual\"><div class=\"t-entry-visual-tc\"><div class=\"t-entry-visual-cont\"><div class=\"dummy\" style=\"padding-top: 75%;\"><\/div><a href=\"https:\/\/haccounamatata.com\/he\/faune-flore\/\"  class=\"pushed\" target=\"_self\" data-lb-index=\"2\"><div class=\"t-entry-visual-overlay\"><div class=\"t-entry-visual-overlay-in style-accent-bg\" style=\"opacity: 0.85;\"><\/div><\/div><div class=\"t-overlay-wrap\"><div class=\"t-overlay-inner\">\n\t\t\t\t\t\t\t\t\t\t\t\t\t\t<div class=\"t-overlay-content\">\n\t\t\t\t\t\t\t\t\t\t\t\t\t\t\t<div class=\"t-overlay-text single-block-padding\"><div class=\"t-entry\"><h3 class=\"t-entry-title h4 title-scale\">\u05dc\u05e4\u05d2\u05d5\u05e9 \u05d0\u05ea \u05d4\u05d7\u05d9\u05d9 \u05d5\u05d4\u05e6\u05d5\u05de\u05d7<\/h3><div class=\"t-entry-excerpt\"><p>\u05d7\u05d5\u05d1\u05d1\u05d9 \u05d4\u05d8\u05d1\u05e2 \u05d9\u05d9\u05d4\u05e0\u05d5 \u05dc\u05e6\u05d0\u05ea \u05d0\u05ea\u05e0\u05d5 \u05dc\u05d8\u05d9\u05d5\u05dc \u05d1\u05d8\u05d1\u05e2 \u05d5\u05dc\u05d2\u05dc\u05d5\u05ea \u05d0\u05ea \u05d0\u05dc\u05e4\u05d9 \u05de\u05d9\u05e0\u05d9...<\/p><\/div><p class=\"t-entry-readmore btn-container\"><span class=\"btn btn-default btn-circle\">Read More<\/span><\/p><\/div><\/div><\/div><\/div><\/div><img decoding=\"async\" class=\"wp-image-104331\" src=\"https:\/\/haccounamatata.com\/wp-content\/uploads\/2021\/12\/Depositphotos_8954439_DS-uai-1713x1285.jpg\" width=\"1713\" height=\"1285\" alt=\"\" \/><\/a><\/div>\n\t\t\t\t\t<\/div>\n\t\t\t\t<\/div><\/div><\/div><div class=\"tmb atc-typography-inherit tmb-iso-w4 tmb-iso-h4 tmb-light tmb-overlay-text-anim tmb-overlay-anim tmb-overlay-text-reduced tmb-overlay-center tmb-overlay-middle tmb-overlay-text-center  grid-cat-140 tmb-id-104315 tmb-img-ratio tmb-media-first tmb-media-last tmb-content-overlay\" ><div class=\"t-inside style-color-xsdn-bg animate_when_almost_visible bottom-t-top\" data-delay=\"200\" data-speed=\"600\"><div class=\"t-entry-visual\"><div class=\"t-entry-visual-tc\"><div class=\"t-entry-visual-cont\"><div class=\"dummy\" style=\"padding-top: 75%;\"><\/div><a href=\"https:\/\/haccounamatata.com\/he\/geologie\/\"  class=\"pushed\" target=\"_self\" data-lb-index=\"3\"><div class=\"t-entry-visual-overlay\"><div class=\"t-entry-visual-overlay-in style-accent-bg\" style=\"opacity: 0.85;\"><\/div><\/div><div class=\"t-overlay-wrap\"><div class=\"t-overlay-inner\">\n\t\t\t\t\t\t\t\t\t\t\t\t\t\t<div class=\"t-overlay-content\">\n\t\t\t\t\t\t\t\t\t\t\t\t\t\t\t<div class=\"t-overlay-text single-block-padding\"><div class=\"t-entry\"><h3 class=\"t-entry-title h4 title-scale\">\u05d2\u05d9\u05d0\u05d5\u05dc\u05d5\u05d2\u05d9\u05d4<\/h3><div class=\"t-entry-excerpt\"><p>\u05d1\u05e9\u05dc \u05d4\u05d9\u05d5\u05ea\u05d4 \u05d9\u05d5\u05e9\u05d1\u05ea \u05e2\u05dc \u05d4\u05e9\u05d1\u05e8 \u05e1\u05d5\u05e8\u05d9-\u05d0\u05e4\u05e8\u05d9\u05e7\u05d0\u05d9 \u05d9\u05e9 \u05dc\u05d0\u05e8\u05e5 \u05d9\u05e9\u05e8\u05d0\u05dc \u05e9\u05d5\u05e8\u05d4 \u05d0\u05e8\u05d5\u05db\u05d4 \u05e9\u05dc \u05d4\u05ea\u05e4\u05ea\u05d7\u05d5\u05d9\u05d5\u05ea \u05d2\u05d9\u05d0\u05d5\u05dc\u05d5\u05d2\u05d9\u05d5\u05ea...<\/p><\/div><p class=\"t-entry-readmore btn-container\"><span class=\"btn btn-default btn-circle\">Read More<\/span><\/p><\/div><\/div><\/div><\/div><\/div><img decoding=\"async\" class=\"wp-image-104320\" src=\"https:\/\/haccounamatata.com\/wp-content\/uploads\/2021\/12\/Depositphotos_283599736_DS-uai-1706x1280.jpg\" width=\"1706\" height=\"1280\" alt=\"\" \/><\/a><\/div>\n\t\t\t\t\t<\/div>\n\t\t\t\t<\/div><\/div><\/div><div class=\"tmb atc-typography-inherit tmb-iso-w4 tmb-iso-h4 tmb-light tmb-overlay-text-anim tmb-overlay-anim tmb-overlay-text-reduced tmb-overlay-center tmb-overlay-middle tmb-overlay-text-center  grid-cat-140 tmb-id-104306 tmb-img-ratio tmb-media-first tmb-media-last tmb-content-overlay\" ><div class=\"t-inside style-color-xsdn-bg animate_when_almost_visible bottom-t-top\" data-delay=\"200\" data-speed=\"600\"><div class=\"t-entry-visual\"><div class=\"t-entry-visual-tc\"><div class=\"t-entry-visual-cont\"><div class=\"dummy\" style=\"padding-top: 75%;\"><\/div><a href=\"https:\/\/haccounamatata.com\/he\/nuit-bedouine\/\"  class=\"pushed\" target=\"_self\" data-lb-index=\"4\"><div class=\"t-entry-visual-overlay\"><div class=\"t-entry-visual-overlay-in style-accent-bg\" style=\"opacity: 0.85;\"><\/div><\/div><div class=\"t-overlay-wrap\"><div class=\"t-overlay-inner\">\n\t\t\t\t\t\t\t\t\t\t\t\t\t\t<div class=\"t-overlay-content\">\n\t\t\t\t\t\t\t\t\t\t\t\t\t\t\t<div class=\"t-overlay-text single-block-padding\"><div class=\"t-entry\"><h3 class=\"t-entry-title h4 title-scale\">\u05dc\u05d9\u05dc\u05d4 \u05d1\u05d3\u05d5\u05d0\u05d9\u05ea<\/h3><div class=\"t-entry-excerpt\"><p>\u05d7\u05dc\u05de\u05ea\u05dd \u05e4\u05e2\u05dd \u05dc\u05d4\u05e2\u05d1\u05d9\u05e8 \u05dc\u05d9\u05dc\u05d4 \u05d1\u05de\u05d3\u05d1\u05e8 \u05dc\u05d9\u05d3 \u05de\u05d3\u05d5\u05e8\u05d4 \u05d1\u05de\u05d7\u05e0\u05d4 \u05d1\u05d3\u05d5\u05d0\u05d9 ? \u05d9\u05e6\u05d0 \u05dc\u05db\u05dd \u05dc\u05d4\u05d2\u05e9\u05d9\u05dd \u05d0\u05ea \u05d4\u05d7\u05dc\u05d5\u05dd \u05d6\u05d4 ?<\/p><\/div><p class=\"t-entry-readmore btn-container\"><span class=\"btn btn-default btn-circle\">Read More<\/span><\/p><\/div><\/div><\/div><\/div><\/div><img decoding=\"async\" class=\"wp-image-104327\" src=\"https:\/\/haccounamatata.com\/wp-content\/uploads\/2021\/12\/glasses-with-tea-near-the-fire-with-flaming-wood-a-2022-01-29-11-02-18-utc-uai-1704x1278.jpg\" width=\"1704\" height=\"1278\" alt=\"\" \/><\/a><\/div>\n\t\t\t\t\t<\/div>\n\t\t\t\t<\/div><\/div><\/div><div class=\"tmb atc-typography-inherit tmb-iso-w4 tmb-iso-h4 tmb-light tmb-overlay-text-anim tmb-overlay-anim tmb-overlay-text-reduced tmb-overlay-center tmb-overlay-middle tmb-overlay-text-center  grid-cat-140 tmb-id-103699 tmb-img-ratio tmb-media-first tmb-media-last tmb-content-overlay\" ><div class=\"t-inside style-color-xsdn-bg animate_when_almost_visible bottom-t-top\" data-delay=\"200\" data-speed=\"600\"><div class=\"t-entry-visual\"><div class=\"t-entry-visual-tc\"><div class=\"t-entry-visual-cont\"><div class=\"dummy\" style=\"padding-top: 75%;\"><\/div><a href=\"https:\/\/haccounamatata.com\/he\/ornithologie\/\"  class=\"pushed\" target=\"_self\" data-lb-index=\"5\"><div class=\"t-entry-visual-overlay\"><div class=\"t-entry-visual-overlay-in style-accent-bg\" style=\"opacity: 0.85;\"><\/div><\/div><div class=\"t-overlay-wrap\"><div class=\"t-overlay-inner\">\n\t\t\t\t\t\t\t\t\t\t\t\t\t\t<div class=\"t-overlay-content\">\n\t\t\t\t\t\t\t\t\t\t\t\t\t\t\t<div class=\"t-overlay-text single-block-padding\"><div class=\"t-entry\"><h3 class=\"t-entry-title h4 title-scale\">\u05e6\u05e4\u05e8\u05d5\u05ea<\/h3><div class=\"t-entry-excerpt\"><p>\u05d4\u05d9\u05d3\u05e2\u05ea\u05dd ? \u05d9\u05e9\u05e8\u05d0\u05dc \u05d4\u05d9\u05d0 \u05d0\u05d7\u05d3 \u05d4\u05e0\u05e7\u05d5\u05d3\u05d5\u05ea \u05d4\u05de\u05e2\u05d8\u05d5\u05ea \u05d1\u05e2\u05d5\u05dc\u05dd \u05d1\u05d4 \u05de\u05d0\u05d5\u05ea \u05de\u05d9\u05dc\u05d9\u05d5\u05e0\u05d9 \u05e6\u05d9\u05e4\u05d5\u05e8\u05d9\u05dd \u05e0\u05d5\u05d3\u05d3\u05d5\u05ea \u05e0\u05d7\u05d5\u05ea \u05e4\u05e2\u05de\u05d9\u05d9\u05dd \u05de\u05d3\u05d9 \u05e9\u05e0\u05d4...<\/p><\/div><p class=\"t-entry-readmore btn-container\"><span class=\"btn btn-default btn-circle\">Read More<\/span><\/p><\/div><\/div><\/div><\/div><\/div><img decoding=\"async\" class=\"wp-image-104333\" src=\"https:\/\/haccounamatata.com\/wp-content\/uploads\/2021\/12\/Depositphotos_102967058_DS-uai-1706x1280.jpg\" width=\"1706\" height=\"1280\" alt=\"\" \/><\/a><\/div>\n\t\t\t\t\t<\/div>\n\t\t\t\t<\/div><\/div><\/div><div class=\"tmb atc-typography-inherit tmb-iso-w4 tmb-iso-h4 tmb-light tmb-overlay-text-anim tmb-overlay-anim tmb-overlay-text-reduced tmb-overlay-center tmb-overlay-middle tmb-overlay-text-center  grid-cat-140 tmb-id-103956 tmb-img-ratio tmb-media-first tmb-media-last tmb-content-overlay\" ><div class=\"t-inside style-color-xsdn-bg animate_when_almost_visible bottom-t-top\" data-delay=\"200\" data-speed=\"600\"><div class=\"t-entry-visual\"><div class=\"t-entry-visual-tc\"><div class=\"t-entry-visual-cont\"><div class=\"dummy\" style=\"padding-top: 75%;\"><\/div><a href=\"https:\/\/haccounamatata.com\/he\/visages-disrael\/\"  class=\"pushed\" target=\"_self\" data-lb-index=\"6\"><div class=\"t-entry-visual-overlay\"><div class=\"t-entry-visual-overlay-in style-accent-bg\" style=\"opacity: 0.85;\"><\/div><\/div><div class=\"t-overlay-wrap\"><div class=\"t-overlay-inner\">\n\t\t\t\t\t\t\t\t\t\t\t\t\t\t<div class=\"t-overlay-content\">\n\t\t\t\t\t\t\t\t\t\t\t\t\t\t\t<div class=\"t-overlay-text single-block-padding\"><div class=\"t-entry\"><h3 class=\"t-entry-title h4 title-scale\">\u05e4\u05e0\u05d9 \u05d9\u05e9\u05e8\u05d0\u05dc<\/h3><div class=\"t-entry-excerpt\"><p>\u05e0\u05e8\u05e6\u05d4 \u05d0\u05d5 \u05dc\u05d0 \u05e0\u05e8\u05e6\u05d4, \u05de\u05d3\u05d9\u05e0\u05ea \u05d9\u05e9\u05e8\u05d0\u05dc ,\u05d5\u05e2\u05dd \u05d9\u05e9\u05e8\u05d0\u05dc \u05d4\u05e8\u05d9\u05d1\u05d5\u05df \u05d1\u05ea\u05d5\u05db\u05d5, \u05dc\u05d0 \u05d3\u05d5\u05de\u05d9\u05dd \u05dc\u05e9\u05d5\u05dd \u05d7\u05d1\u05e8\u05d4 \u05d5\u05e2\u05dd \u05d0\u05d7\u05e8 \u05d1\u05e2\u05d5\u05dc\u05dd.<\/p><\/div><p class=\"t-entry-readmore btn-container\"><span class=\"btn btn-default btn-circle\">Read More<\/span><\/p><\/div><\/div><\/div><\/div><\/div><img decoding=\"async\" class=\"wp-image-103957\" src=\"https:\/\/haccounamatata.com\/wp-content\/uploads\/2021\/12\/Depositphotos_384321944_DS-uai-1920x1440.jpg\" width=\"1920\" height=\"1440\" alt=\"\" \/><\/a><\/div>\n\t\t\t\t\t<\/div>\n\t\t\t\t<\/div><\/div><\/div>\t\t<\/div>\t\n\t\n\n\t<\/div>\t\t\t\t<\/div>\n<\/div><\/div><\/div><\/div><\/div><script id=\"script-row-unique-1\" data-row=\"script-row-unique-1\" type=\"text\/javascript\" class=\"vc_controls\">UNCODE.initRow(document.getElementById(\"row-unique-1\"));<\/script><\/div><\/div><\/div>\n<\/div>","protected":false},"excerpt":{"rendered":"Visages d\u2019Isra\u00eblRencontres Du fait de son unique mosa\u00efque de cultures, Isra\u00ebl n\u2019est pas un pays tout \u00e0 fait comme tous [...]","protected":false},"author":1,"featured_media":0,"parent":0,"menu_order":0,"comment_status":"closed","ping_status":"closed","template":"","meta":{"_joinchat":[],"footnotes":""},"class_list":["post-103835","page","type-page","status-publish","hentry"],"yoast_head":"<!-- This site is optimized with the Yoast SEO plugin v27.4 - https:\/\/yoast.com\/product\/yoast-seo-wordpress\/ -->\n<title>Nos voyages Et plus encore\u2026 - HaccounAmatata<\/title>\n<meta name=\"description\" content=\"D\u00e9couvrez nos petits plus que nous vous proposons dans votre voyage d\u00e9couverte. Profitez d&#039;un moment unique d&#039;Isra\u00ebl et plus encore !\" \/>\n<meta name=\"robots\" content=\"index, follow, max-snippet:-1, max-image-preview:large, max-video-preview:-1\" \/>\n<link rel=\"canonical\" href=\"https:\/\/haccounamatata.com\/he\/et-plus-encore\/\" \/>\n<meta property=\"og:locale\" content=\"he_IL\" \/>\n<meta property=\"og:type\" content=\"article\" \/>\n<meta property=\"og:title\" content=\"Nos voyages Et plus encore\u2026 - HaccounAmatata\" \/>\n<meta property=\"og:description\" content=\"D\u00e9couvrez nos petits plus que nous vous proposons dans votre voyage d\u00e9couverte. Profitez d&#039;un moment unique d&#039;Isra\u00ebl et plus encore !\" \/>\n<meta property=\"og:url\" content=\"https:\/\/haccounamatata.com\/he\/et-plus-encore\/\" \/>\n<meta property=\"og:site_name\" content=\"HaccounAmatata\" \/>\n<meta property=\"article:modified_time\" content=\"2022-04-06T16:59:41+00:00\" \/>\n<meta name=\"twitter:card\" content=\"summary_large_image\" \/>\n<meta name=\"twitter:label1\" content=\"\u05d6\u05de\u05df \u05e7\u05e8\u05d9\u05d0\u05d4 \u05de\u05d5\u05e2\u05e8\u05da\" \/>\n\t<meta name=\"twitter:data1\" content=\"\u05d3\u05e7\u05d41\" \/>\n<script type=\"application\/ld+json\" class=\"yoast-schema-graph\">{\"@context\":\"https:\\\/\\\/schema.org\",\"@graph\":[{\"@type\":\"WebPage\",\"@id\":\"https:\\\/\\\/haccounamatata.com\\\/et-plus-encore\\\/\",\"url\":\"https:\\\/\\\/haccounamatata.com\\\/et-plus-encore\\\/\",\"name\":\"Nos voyages Et plus encore\u2026 - HaccounAmatata\",\"isPartOf\":{\"@id\":\"https:\\\/\\\/haccounamatata.com\\\/#website\"},\"datePublished\":\"2021-12-10T14:10:37+00:00\",\"dateModified\":\"2022-04-06T16:59:41+00:00\",\"description\":\"D\u00e9couvrez nos petits plus que nous vous proposons dans votre voyage d\u00e9couverte. Profitez d'un moment unique d'Isra\u00ebl et plus encore !\",\"breadcrumb\":{\"@id\":\"https:\\\/\\\/haccounamatata.com\\\/et-plus-encore\\\/#breadcrumb\"},\"inLanguage\":\"he-IL\",\"potentialAction\":[{\"@type\":\"ReadAction\",\"target\":[\"https:\\\/\\\/haccounamatata.com\\\/et-plus-encore\\\/\"]}]},{\"@type\":\"BreadcrumbList\",\"@id\":\"https:\\\/\\\/haccounamatata.com\\\/et-plus-encore\\\/#breadcrumb\",\"itemListElement\":[{\"@type\":\"ListItem\",\"position\":1,\"name\":\"Accueil\",\"item\":\"https:\\\/\\\/haccounamatata.com\\\/\"},{\"@type\":\"ListItem\",\"position\":2,\"name\":\"Et plus encore\u2026\"}]},{\"@type\":\"WebSite\",\"@id\":\"https:\\\/\\\/haccounamatata.com\\\/#website\",\"url\":\"https:\\\/\\\/haccounamatata.com\\\/\",\"name\":\"HaccounAmatata\",\"description\":\"Un voyage fantastique\",\"potentialAction\":[{\"@type\":\"SearchAction\",\"target\":{\"@type\":\"EntryPoint\",\"urlTemplate\":\"https:\\\/\\\/haccounamatata.com\\\/?s={search_term_string}\"},\"query-input\":{\"@type\":\"PropertyValueSpecification\",\"valueRequired\":true,\"valueName\":\"search_term_string\"}}],\"inLanguage\":\"he-IL\"}]}<\/script>\n<!-- \/ Yoast SEO plugin. -->","yoast_head_json":{"title":"Nos voyages Et plus encore\u2026 - HaccounAmatata","description":"D\u00e9couvrez nos petits plus que nous vous proposons dans votre voyage d\u00e9couverte. Profitez d'un moment unique d'Isra\u00ebl et plus encore !","robots":{"index":"index","follow":"follow","max-snippet":"max-snippet:-1","max-image-preview":"max-image-preview:large","max-video-preview":"max-video-preview:-1"},"canonical":"https:\/\/haccounamatata.com\/he\/et-plus-encore\/","og_locale":"he_IL","og_type":"article","og_title":"Nos voyages Et plus encore\u2026 - HaccounAmatata","og_description":"D\u00e9couvrez nos petits plus que nous vous proposons dans votre voyage d\u00e9couverte. Profitez d'un moment unique d'Isra\u00ebl et plus encore !","og_url":"https:\/\/haccounamatata.com\/he\/et-plus-encore\/","og_site_name":"HaccounAmatata","article_modified_time":"2022-04-06T16:59:41+00:00","twitter_card":"summary_large_image","twitter_misc":{"\u05d6\u05de\u05df \u05e7\u05e8\u05d9\u05d0\u05d4 \u05de\u05d5\u05e2\u05e8\u05da":"\u05d3\u05e7\u05d41"},"schema":{"@context":"https:\/\/schema.org","@graph":[{"@type":"WebPage","@id":"https:\/\/haccounamatata.com\/et-plus-encore\/","url":"https:\/\/haccounamatata.com\/et-plus-encore\/","name":"Nos voyages Et plus encore\u2026 - HaccounAmatata","isPartOf":{"@id":"https:\/\/haccounamatata.com\/#website"},"datePublished":"2021-12-10T14:10:37+00:00","dateModified":"2022-04-06T16:59:41+00:00","description":"D\u00e9couvrez nos petits plus que nous vous proposons dans votre voyage d\u00e9couverte. Profitez d'un moment unique d'Isra\u00ebl et plus encore !","breadcrumb":{"@id":"https:\/\/haccounamatata.com\/et-plus-encore\/#breadcrumb"},"inLanguage":"he-IL","potentialAction":[{"@type":"ReadAction","target":["https:\/\/haccounamatata.com\/et-plus-encore\/"]}]},{"@type":"BreadcrumbList","@id":"https:\/\/haccounamatata.com\/et-plus-encore\/#breadcrumb","itemListElement":[{"@type":"ListItem","position":1,"name":"Accueil","item":"https:\/\/haccounamatata.com\/"},{"@type":"ListItem","position":2,"name":"Et plus encore\u2026"}]},{"@type":"WebSite","@id":"https:\/\/haccounamatata.com\/#website","url":"https:\/\/haccounamatata.com\/","name":"HaccounAmatata","description":"Un voyage fantastique","potentialAction":[{"@type":"SearchAction","target":{"@type":"EntryPoint","urlTemplate":"https:\/\/haccounamatata.com\/?s={search_term_string}"},"query-input":{"@type":"PropertyValueSpecification","valueRequired":true,"valueName":"search_term_string"}}],"inLanguage":"he-IL"}]}},"_links":{"self":[{"href":"https:\/\/haccounamatata.com\/he\/wp-json\/wp\/v2\/pages\/103835","targetHints":{"allow":["GET"]}}],"collection":[{"href":"https:\/\/haccounamatata.com\/he\/wp-json\/wp\/v2\/pages"}],"about":[{"href":"https:\/\/haccounamatata.com\/he\/wp-json\/wp\/v2\/types\/page"}],"author":[{"embeddable":true,"href":"https:\/\/haccounamatata.com\/he\/wp-json\/wp\/v2\/users\/1"}],"replies":[{"embeddable":true,"href":"https:\/\/haccounamatata.com\/he\/wp-json\/wp\/v2\/comments?post=103835"}],"version-history":[{"count":8,"href":"https:\/\/haccounamatata.com\/he\/wp-json\/wp\/v2\/pages\/103835\/revisions"}],"predecessor-version":[{"id":104118,"href":"https:\/\/haccounamatata.com\/he\/wp-json\/wp\/v2\/pages\/103835\/revisions\/104118"}],"wp:attachment":[{"href":"https:\/\/haccounamatata.com\/he\/wp-json\/wp\/v2\/media?parent=103835"}],"curies":[{"name":"wp","href":"https:\/\/api.w.org\/{rel}","templated":true}]}}