{"id":104380,"date":"2021-11-11T13:16:22","date_gmt":"2021-11-11T12:16:22","guid":{"rendered":"https:\/\/haccounamatata.com\/?page_id=104380"},"modified":"2022-06-06T11:53:01","modified_gmt":"2022-06-06T09:53:01","slug":"cgu","status":"publish","type":"page","link":"https:\/\/haccounamatata.com\/he\/cgu\/","title":{"rendered":"\u05ea\u05e0\u05d0\u05d9 \u05e9\u05d9\u05de\u05d5\u05e9 \u05db\u05dc\u05dc\u05d9\u05d9\u05dd"},"content":{"rendered":"<div class=\"wpb-content-wrapper\"><div data-parent=\"true\" class=\"vc_row has-bg need-focus style-color-207560-bg row-container onepage-section\" data-label=\"Welcome\" data-name=\"welcome\" id=\"row-unique-0\"><div class=\"row-background background-element\" style=\"opacity: 1;\">\n\t\t\t\t\t\t\t\t\t\t\t<div class=\"background-wrapper\">\n\t\t\t\t\t\t\t\t\t\t\t\t<div class=\"background-inner\"><\/div>\n\t\t\t\t\t\t\t\t\t\t\t\t<div class=\"block-bg-overlay style-accent-bg\" style=\"opacity: 0.4;\"><\/div>\n\t\t\t\t\t\t\t\t\t\t\t<\/div>\n\t\t\t\t\t\t\t\t\t\t<\/div><div class=\"row unequal col-no-gutter limit-width row-parent\" data-height-ratio=\"50\"><div class=\"wpb_row row-inner\"><div class=\"wpb_column pos-middle pos-center align_center column_parent col-lg-12 single-internal-gutter\"><div class=\"uncol style-spec style-dark\"  ><div class=\"uncoltable\"><div class=\"uncell no-block-padding\" ><div class=\"uncont\" ><div class=\"vc_row row-internal row-container\"><div class=\"row row-child\"><div class=\"wpb_row row-inner\"><div class=\"wpb_column pos-middle pos-center align_center column_child col-lg-12 single-internal-gutter\"><div class=\"uncol style-spec style-dark\" ><div class=\"uncoltable\"><div class=\"uncell no-block-padding\" ><div class=\"uncont\" ><div class=\"vc_custom_heading_wrap\"><div class=\"heading-text el-text top-t-bottom animate_when_almost_visible\" data-delay=\"200\"><h1 class=\"fontsize-445851\" ><span>\u05ea\u05e0\u05d0\u05d9 \u05e9\u05d9\u05de\u05d5\u05e9 \u05db\u05dc\u05dc\u05d9\u05d9\u05dd<\/span><\/h1><\/div><div class=\"clear\"><\/div><\/div><\/div><\/div><\/div><\/div><\/div><\/div><\/div><\/div><\/div><\/div><\/div><\/div><\/div><script id=\"script-row-unique-0\" data-row=\"script-row-unique-0\" type=\"text\/javascript\" class=\"vc_controls\">UNCODE.initRow(document.getElementById(\"row-unique-0\"));<\/script><\/div><\/div><\/div><div data-parent=\"true\" class=\"vc_row row-container\" id=\"row-unique-1\"><div class=\"row limit-width row-parent\"><div class=\"wpb_row row-inner\"><div class=\"wpb_column pos-top pos-center align_left column_parent col-lg-12 single-internal-gutter\"><div class=\"uncol style-light\"  ><div class=\"uncoltable\"><div class=\"uncell no-block-padding\" ><div class=\"uncont\" ><div class=\"uncode_text_column\" ><p>\u05de\u05d8\u05e8\u05ea \u05ea\u05e0\u05d0\u05d9 \u05e9\u05d9\u05de\u05d5\u05e9 \u05db\u05dc\u05dc\u05d9\u05d9\u05dd \u05d0\u05dc\u05d4 (\u05d4\u05d9\u05d3\u05d5\u05e2\u05d9\u05dd \u05d1\u05e9\u05dd \"\u05ea\u05e9\u05f4\u05db\") \u05d4\u05d9\u05d0 \u05dc\u05e1\u05e4\u05e7 \u05de\u05e1\u05d2\u05e8\u05ea \u05de\u05e9\u05e4\u05d8\u05d9\u05ea \u05dc\u05ea\u05e0\u05d0\u05d9\u05dd \u05d5\u05d4\u05d4\u05d2\u05d1\u05dc\u05d5\u05ea \u05dc\u05d0\u05e1\u05e4\u05e7\u05ea \u05d4\u05d0\u05ea\u05e8 \u05d5\u05d4\u05e9\u05d9\u05e8\u05d5\u05ea\u05d9\u05dd \u05e2\u05dc \u05d9\u05d3\u05d9 Haccoun &amp; associ\u00e9e \u05d5\u05dc\u05d4\u05d2\u05d3\u05d9\u05e8 \u05d0\u05ea \u05ea\u05e0\u05d0\u05d9 \u05d4\u05d2\u05d9\u05e9\u05d4 \u05d5\u05d4\u05e9\u05d9\u05de\u05d5\u05e9 \u05e9\u05dc \u05d4\u05e9\u05d9\u05e8\u05d5\u05ea\u05d9\u05dd \u05e9\u05dc \"\u05d4\u05de\u05e9\u05ea\u05de\u05e9\".\n\u05d4\u05ea\u05e0\u05d0\u05d9\u05dd \u05d5\u05d4\u05d4\u05d2\u05d1\u05dc\u05d5\u05ea \u05d4\u05dc\u05dc\u05d5 \u05e0\u05d2\u05d9\u05e9\u05d9\u05dd \u05d1\u05d0\u05ea\u05e8 \u05d1\u05e1\u05e2\u05d9\u05e3 \"\u05ea\u05e0\u05d0\u05d9 \u05ea\u05e9\u05f4\u05db \".<\/p>\n<h2>\u05e1\u05e2\u05d9\u05e3 1: \u05d4\u05d5\u05d3\u05e2\u05d5\u05ea \u05de\u05e9\u05e4\u05d8\u05d9\u05d5\u05ea<\/h2>\n<p>L&rsquo;\u00e9dition du site haccounamatata.com est assur\u00e9e par Haccoun &amp; associ\u00e9e, Soci\u00e9t\u00e9 en commandite, immatricul\u00e9e au Registre du Commerce de Gen\u00e8ve sous le num\u00e9ro CHE-114.791.377, dont le si\u00e8ge social est situ\u00e9 au Chemin Lullin 17 1256 Troinex CH. Num\u00e9ro de t\u00e9l\u00e9phone <a href=\"tel:+41793056871\">+41793056871<\/a><\/p>\n<p>\u05de\u05e0\u05d4\u05dc \u05d4\u05e4\u05e8\u05e1\u05d5\u05dd \u05d4\u05d5\u05d0 :\n\u05d4\u05e7\u05d5\u05df \u05e8\u05d5\u05d1\u05e8\u05d8 \u05d2\u05d9\u05d0<\/p>\n<p>\u05d4\u05de\u05d0\u05e8\u05d7\u05ea \u05e9\u05dc \u05d4\u05d0\u05ea\u05e8 haccounamatata.com  \u05d4\u05d9\u05d0 \u05d4\u05d7\u05d1\u05e8\u05d4\n1&amp;1 Internet SARL\n\u05e9\u05de\u05e9\u05e8\u05d3\u05d4 \u05d4\u05e8\u05d0\u05e9\u05d9 \u05de\u05de\u05d5\u05e7\u05dd \u05d1\n7, Place de la Gare,\nBP 70109\n 57200 Sarreguemines Cedex \u05e6\u05e8\u05e4\u05ea\n\u05e2\u05dd \u05de\u05e1\u05e4\u05e8 \u05d8\u05dc\u05e4\u05d5\u05df: <a href=\"tel:+33970808911\">+33970808911<\/a>.<\/p>\n<h2>\u05e1\u05e2\u05d9\u05e3 2: \u05d2\u05d9\u05e9\u05d4 \u05dc\u05d0\u05ea\u05e8<\/h2>\n<p>\u05d4\u05d0\u05ea\u05e8 haccounamatata.com \u05de\u05d0\u05e4\u05e9\u05e8 \u05dc\u05de\u05e9\u05ea\u05de\u05e9 \u05d2\u05d9\u05e9\u05d4 \u05d7\u05d5\u05e4\u05e9\u05d9\u05ea \u05dc\u05e9\u05d9\u05e8\u05d5\u05ea\u05d9\u05dd \u05d4\u05d1\u05d0\u05d9\u05dd :<\/p>\n<p>\u05d4\u05d0\u05ea\u05e8 \u05de\u05e6\u05d9\u05e2 \u05d0\u05ea \u05d4\u05e9\u05d9\u05e8\u05d5\u05ea\u05d9\u05dd \u05d4\u05d1\u05d0\u05d9\u05dd : \u05ea\u05d9\u05d9\u05e8\u05d5\u05ea<\/p>\n<p>\u05d4\u05d0\u05ea\u05e8 \u05e0\u05d2\u05d9\u05e9 \u05dc\u05dc\u05d0 \u05ea\u05e9\u05dc\u05d5\u05dd \u05d1\u05db\u05dc \u05de\u05e7\u05d5\u05dd \u05dc\u05db\u05dc \u05de\u05e9\u05ea\u05de\u05e9 \u05d1\u05e2\u05dc \u05d2\u05d9\u05e9\u05d4 \u05dc\u05d0\u05d9\u05e0\u05d8\u05e8\u05e0\u05d8. \u05db\u05dc \u05d4\u05e2\u05dc\u05d5\u05d9\u05d5\u05ea \u05e9\u05e0\u05d5\u05e9\u05d0 \u05d4\u05de\u05e9\u05ea\u05de\u05e9 \u05dc\u05d2\u05d9\u05e9\u05d4 \u05dc\u05e9\u05d9\u05e8\u05d5\u05ea (\u05d7\u05d5\u05de\u05e8\u05d4, \u05ea\u05d5\u05db\u05e0\u05d4, \u05d7\u05d9\u05d1\u05d5\u05e8 \u05dc\u05d0\u05d9\u05e0\u05d8\u05e8\u05e0\u05d8 \u05d5\u05db\u05d3\u05d5\u05de\u05d4) \u05d4\u05d9\u05e0\u05df \u05d1\u05d0\u05d7\u05e8\u05d9\u05d5\u05ea\u05d5.<\/p>\n<h2>\u05e1\u05e2\u05d9\u05e3 3: \u05d0\u05d9\u05e1\u05d5\u05e3 \u05e0\u05ea\u05d5\u05e0\u05d9\u05dd<\/h2>\n<p>\u05d4\u05d0\u05ea\u05e8 haccounamatata.com \u05e4\u05d8\u05d5\u05e8 \u05de\u05d3\u05d9\u05d5\u05d5\u05d7 \u05dc\u05e0\u05e6\u05d9\u05d1\u05d4 \u05d4\u05e4\u05d3\u05e8\u05dc\u05d9\u05ea \u05dc\u05d4\u05d2\u05e0\u05ea \u05e0\u05ea\u05d5\u05e0\u05d9\u05dd \u05d5\u05e9\u05e7\u05d9\u05e4\u05d5\u05ea (PFPDT) \u05d1\u05de\u05e1\u05d2\u05e8\u05ea \u05ea\u05e7\u05e0\u05ea \u05d4\u05d2\u05e0\u05ea \u05d4\u05e0\u05ea\u05d5\u05e0\u05d9\u05dd \u05d4\u05db\u05dc\u05dc\u05d9\u05ea (GDPR)\n\u05db\u05db\u05dc \u05e9\u05d4\u05d9\u05d0 \u05dc\u05d0 \u05d0\u05d5\u05e1\u05e4\u05ea \u05e0\u05ea\u05d5\u05e0\u05d9\u05dd \u05db\u05dc\u05e9\u05d4\u05dd \u05d4\u05e0\u05d5\u05d2\u05e2\u05d9\u05dd \u05dc\u05de\u05e9\u05ea\u05de\u05e9\u05d9\u05dd.<\/p>\n<h2>\u05e1\u05e2\u05d9\u05e3 4: \u05e7\u05e0\u05d9\u05d9\u05df \u05e8\u05d5\u05d7\u05e0\u05d9<\/h2>\n<p>\u05e1\u05d9\u05de\u05e0\u05d9 \u05d4\u05de\u05e1\u05d7\u05e8, \u05d4\u05dc\u05d5\u05d2\u05d5, \u05d4\u05e9\u05dc\u05d8\u05d9\u05dd \u05d5\u05db\u05df \u05db\u05dc \u05ea\u05d5\u05db\u05df \u05d4\u05d0\u05ea\u05e8 (\u05d8\u05e7\u05e1\u05d8\u05d9\u05dd, \u05ea\u05de\u05d5\u05e0\u05d5\u05ea, \u05e7\u05d5\u05dc \u05d5\u05db\u05d5') \u05de\u05d5\u05d2\u05e0\u05d9\u05dd \u05d1\u05d7\u05d5\u05e7 \u05d4\u05e7\u05e0\u05d9\u05d9\u05df \u05d4\u05e8\u05d5\u05d7\u05e0\u05d9 \u05d5\u05d1\u05de\u05d9\u05d5\u05d7\u05d3 \u05d1\u05d6\u05db\u05d5\u05d9\u05d5\u05ea \u05d9\u05d5\u05e6\u05e8\u05d9\u05dd.<\/p>\n<p>\u05e2\u05dc \u05d4\u05de\u05e9\u05ea\u05de\u05e9 \u05dc\u05d1\u05e7\u05e9 \u05d0\u05d9\u05e9\u05d5\u05e8 \u05de\u05e8\u05d0\u05e9 \u05e9\u05dc \u05d4\u05d0\u05ea\u05e8 \u05dc\u05db\u05dc \u05e9\u05db\u05e4\u05d5\u05dc, \u05e4\u05e8\u05e1\u05d5\u05dd, \u05d4\u05e2\u05ea\u05e7 \u05e9\u05dc \u05d4\u05ea\u05db\u05e0\u05d9\u05dd \u05d4\u05e9\u05d5\u05e0\u05d9\u05dd. \u05d4\u05d5\u05d0 \u05de\u05ea\u05d7\u05d9\u05d9\u05d1 \u05dc\u05d4\u05e9\u05ea\u05de\u05e9 \u05d1\u05ea\u05db\u05e0\u05d9 \u05d4\u05d0\u05ea\u05e8 \u05d1\u05d4\u05e7\u05e9\u05e8 \u05e4\u05e8\u05d8\u05d9 \u05d1\u05d4\u05d7\u05dc\u05d8, \u05db\u05dc \u05e9\u05d9\u05de\u05d5\u05e9 \u05dc\u05de\u05d8\u05e8\u05d5\u05ea \u05de\u05e1\u05d7\u05e8\u05d9\u05d5\u05ea \u05d5\u05e4\u05e8\u05e1\u05d5\u05de\u05d9\u05d5\u05ea \u05d0\u05e1\u05d5\u05e8 \u05d1\u05d4\u05d7\u05dc\u05d8.<\/p>\n<p>\u05db\u05dc \u05d9\u05d9\u05e6\u05d5\u05d2 \u05de\u05dc\u05d0 \u05d0\u05d5 \u05d7\u05dc\u05e7\u05d9 \u05e9\u05dc \u05d0\u05ea\u05e8 \u05d6\u05d4 \u05d1\u05db\u05dc \u05d3\u05e8\u05da \u05e9\u05d4\u05d9\u05d0, \u05dc\u05dc\u05d0 \u05d0\u05d9\u05e9\u05d5\u05e8 \u05de\u05e4\u05d5\u05e8\u05e9 \u05e9\u05dc \u05de\u05e4\u05e2\u05d9\u05dc \u05d4\u05d0\u05ea\u05e8 \u05d9\u05d4\u05d5\u05d5\u05d4 \u05d4\u05e4\u05e8\u05d4 \u05e9\u05e2\u05d5\u05e0\u05e9\u05d4 \u05dc\u05e4\u05d9 \u05e1\u05e2\u05d9\u05e3 10 LDA \u05d5\u05d0\u05d9\u05dc\u05da \u05e9\u05dc \u05e7\u05d5\u05d3 \u05d4\u05e7\u05e0\u05d9\u05d9\u05df \u05d4\u05e8\u05d5\u05d7\u05e0\u05d9.<\/p>\n<p>\u05d6\u05d4 \u05e0\u05d6\u05db\u05e8 \u05d1\u05d4\u05ea\u05d0\u05dd \u05dc\u05d0\u05de\u05e0\u05d5\u05ea \u05d4\u05de\u05d0\u05de\u05e8. 25 LDA \u05e9\u05dc \u05e7\u05d5\u05d3 \u05d4\u05e7\u05e0\u05d9\u05d9\u05df \u05d4\u05e8\u05d5\u05d7\u05e0\u05d9 \u05e9\u05d4\u05de\u05e9\u05ea\u05de\u05e9 \u05d4\u05de\u05e9\u05db\u05e4\u05dc, \u05de\u05e2\u05ea\u05d9\u05e7 \u05d0\u05d5 \u05de\u05e4\u05e8\u05e1\u05dd \u05d0\u05ea \u05d4\u05ea\u05d5\u05db\u05df \u05d4\u05de\u05d5\u05d2\u05df \u05d7\u05d9\u05d9\u05d1 \u05dc\u05e6\u05d9\u05d9\u05df \u05d0\u05ea \u05d4\u05de\u05d7\u05d1\u05e8 \u05d5\u05d0\u05ea \u05d4\u05de\u05e7\u05d5\u05e8 \u05e9\u05dc\u05d5.<\/p>\n<h2>\u05e1\u05e2\u05d9\u05e3 5: \u05d0\u05d7\u05e8\u05d9\u05d5\u05ea<\/h2>\n<p>\u05de\u05e7\u05d5\u05e8\u05d5\u05ea \u05d4\u05de\u05d9\u05d3\u05e2 \u05d4\u05de\u05ea\u05e4\u05e8\u05e1\u05de\u05d9\u05dd \u05d1\u05d0\u05ea\u05e8 haccounamatata.com\n\u05e0\u05d7\u05e9\u05d1\u05d9\u05dd \u05d0\u05de\u05d9\u05e0\u05d9\u05dd, \u05d0\u05da \u05d4\u05d0\u05ea\u05e8 \u05d0\u05d9\u05e0\u05d5 \u05de\u05ea\u05d7\u05d9\u05d9\u05d1 \u05db\u05d9 \u05d4\u05d5\u05d0 \u05e0\u05e7\u05d9 \u05de\u05ea\u05e7\u05dc\u05d5\u05ea, \u05d8\u05e2\u05d5\u05d9\u05d5\u05ea \u05d0\u05d5 \u05d4\u05e9\u05de\u05d8\u05d5\u05ea.<\/p>\n<p>\u05d4\u05de\u05d9\u05d3\u05e2 \u05d4\u05e0\u05de\u05e1\u05e8 \u05de\u05d5\u05e6\u05d2 \u05dc\u05de\u05d8\u05e8\u05d5\u05ea \u05de\u05d9\u05d3\u05e2 \u05d5\u05dc\u05de\u05d8\u05e8\u05d5\u05ea \u05db\u05dc\u05dc\u05d9\u05d5\u05ea \u05dc\u05dc\u05d0 \u05e2\u05e8\u05da \u05d7\u05d5\u05d6\u05d9. \u05dc\u05de\u05e8\u05d5\u05ea \u05e2\u05d3\u05db\u05d5\u05e0\u05d9\u05dd \u05e9\u05d5\u05d8\u05e4\u05d9\u05dd, \u05d0\u05ea\u05e8 haccounamatata.com \u05d0\u05d9\u05e0\u05d5 \u05d9\u05db\u05d5\u05dc \u05dc\u05e9\u05d0\u05ea \u05d1\u05d0\u05d7\u05e8\u05d9\u05d5\u05ea \u05dc\u05e9\u05d9\u05e0\u05d5\u05d9 \u05d4\u05d4\u05d5\u05e8\u05d0\u05d5\u05ea \u05d4\u05de\u05e0\u05d4\u05dc\u05d9\u05d5\u05ea \u05d5\u05d4\u05de\u05e9\u05e4\u05d8\u05d9\u05d5\u05ea \u05d4\u05de\u05ea\u05e8\u05d7\u05e9\u05d5\u05ea \u05dc\u05d0\u05d7\u05e8 \u05d4\u05e4\u05e8\u05e1\u05d5\u05dd. \u05d1\u05d0\u05d5\u05e4\u05df \u05d3\u05d5\u05de\u05d4, \u05d4\u05d0\u05ea\u05e8 \u05d0\u05d9\u05e0\u05d5 \u05d9\u05db\u05d5\u05dc \u05dc\u05e9\u05d0\u05ea \u05d1\u05d0\u05d7\u05e8\u05d9\u05d5\u05ea \u05dc\u05e9\u05d9\u05de\u05d5\u05e9 \u05d5\u05dc\u05e4\u05e8\u05e9\u05e0\u05d5\u05ea \u05e9\u05dc \u05d4\u05de\u05d9\u05d3\u05e2 \u05d4\u05db\u05dc\u05d5\u05dc \u05d1\u05d0\u05ea\u05e8 \u05d6\u05d4.<\/p>\n<p>\u05d4\u05d0\u05ea\u05e8 haccounamatata.com \u05d0\u05d9\u05e0\u05d5 \u05d9\u05db\u05d5\u05dc \u05dc\u05e9\u05d0\u05ea \u05d1\u05d0\u05d7\u05e8\u05d9\u05d5\u05ea \u05dc\u05db\u05dc \u05d5\u05d9\u05e8\u05d5\u05e1 \u05e9\u05e2\u05dc\u05d5\u05dc \u05dc\u05d4\u05d3\u05d1\u05d9\u05e7 \u05d0\u05ea \u05d4\u05de\u05d7\u05e9\u05d1 \u05d0\u05d5 \u05db\u05dc \u05e6\u05d9\u05d5\u05d3 \u05de\u05d7\u05e9\u05d1 \u05e9\u05dc \u05de\u05e9\u05ea\u05de\u05e9 \u05d4\u05d0\u05d9\u05e0\u05d8\u05e8\u05e0\u05d8, \u05d1\u05e2\u05e7\u05d1\u05d5\u05ea \u05e9\u05d9\u05de\u05d5\u05e9, \u05d2\u05d9\u05e9\u05d4 \u05d0\u05d5 \u05d4\u05d5\u05e8\u05d3\u05d4 \u05de\u05d0\u05ea\u05e8 \u05d6\u05d4.<\/p>\n<p>\u05d4\u05d0\u05ea\u05e8 \u05d0\u05d9\u05e0\u05d5 \u05d9\u05db\u05d5\u05dc \u05dc\u05e9\u05d0\u05ea \u05d1\u05d0\u05d7\u05e8\u05d9\u05d5\u05ea \u05d1\u05de\u05e7\u05e8\u05d4 \u05e9\u05dc \u05db\u05d5\u05d7 \u05e2\u05dc\u05d9\u05d5\u05df \u05d0\u05d5 \u05de\u05e2\u05e9\u05d4 \u05d1\u05dc\u05ea\u05d9 \u05e6\u05e4\u05d5\u05d9 \u05d5\u05d1\u05dc\u05ea\u05d9 \u05e2\u05d1\u05d9\u05e8 \u05e9\u05dc \u05e6\u05d3 \u05e9\u05dc\u05d9\u05e9\u05d9.<\/p>\n<h2>\u05e1\u05e2\u05d9\u05e3 6: \u05e7\u05d9\u05e9\u05d5\u05e8\u05d9 \u05d4\u05d9\u05e4\u05e8\u05d8\u05e7\u05e1\u05d8<\/h2>\n<p>\u05e7\u05d9\u05e9\u05d5\u05e8\u05d9 \u05d4\u05d9\u05e4\u05e8\u05d8\u05e7\u05e1\u05d8 \u05e2\u05e9\u05d5\u05d9\u05d9\u05dd \u05dc\u05d4\u05d9\u05d5\u05ea \u05e7\u05d9\u05d9\u05de\u05d9\u05dd \u05d1\u05d0\u05ea\u05e8. \u05d4\u05de\u05e9\u05ea\u05de\u05e9 \u05de\u05ea\u05d1\u05e9\u05e8 \u05db\u05d9 \u05d1\u05dc\u05d7\u05d9\u05e6\u05d4 \u05e2\u05dc \u05e7\u05d9\u05e9\u05d5\u05e8\u05d9\u05dd \u05d0\u05dc\u05d5, \u05d4\u05d5\u05d0 \u05d9\u05e2\u05d6\u05d5\u05d1 \u05d0\u05ea \u05d4\u05d0\u05ea\u05e8 haccounamatata.com. \u05d6\u05d4 \u05d4\u05d0\u05d7\u05e8\u05d5\u05df \u05d0\u05d9\u05e0\u05d5 \u05e9\u05d5\u05dc\u05d8 \u05d1\u05d3\u05e4\u05d9 \u05d4\u05d0\u05d9\u05e0\u05d8\u05e8\u05e0\u05d8 \u05e9\u05d0\u05dc\u05d9\u05d4\u05dd \u05de\u05d5\u05d1\u05d9\u05dc\u05d9\u05dd \u05e7\u05d9\u05e9\u05d5\u05e8\u05d9\u05dd \u05d0\u05dc\u05d5 \u05d5\u05d0\u05d9\u05e0\u05d5 \u05d9\u05db\u05d5\u05dc, \u05d1\u05e9\u05d5\u05dd \u05e4\u05e0\u05d9\u05dd \u05d5\u05d0\u05d5\u05e4\u05df, \u05dc\u05d4\u05d9\u05d5\u05ea \u05d0\u05d7\u05e8\u05d0\u05d9 \u05dc\u05ea\u05d5\u05db\u05e0\u05dd.<\/p>\n<h2>\u05e1\u05e2\u05d9\u05e3 7: \u05f4\u05e2\u05d5\u05d2\u05d9\u05d5\u05ea\u05f4- Cookies<\/h2>\n<p>\u05dc\u05de\u05e9\u05ea\u05de\u05e9 \u05de\u05d5\u05d3\u05d9\u05e2\u05d9\u05dd \u05db\u05d9 \u05d1\u05de\u05d4\u05dc\u05da \u05d1\u05d9\u05e7\u05d5\u05e8\u05d9\u05d5 \u05d1\u05d0\u05ea\u05e8, \u05d9\u05d9\u05ea\u05db\u05df \u05e9\u05ea\u05ea\u05e7\u05d9\u05df \u05e7\u05d5\u05d1\u05e5 Cookie \u05d1\u05d0\u05d5\u05e4\u05df \u05d0\u05d5\u05d8\u05d5\u05de\u05d8\u05d9 \u05d1\u05ea\u05d5\u05db\u05e0\u05ea \u05d4\u05e0\u05d9\u05d5\u05d5\u05d8 \u05e9\u05dc\u05d5.\n\u05e7\u05d5\u05d1\u05e6\u05d9 Cookie \u05d4\u05dd \u05e7\u05d1\u05e6\u05d9\u05dd \u05e7\u05d8\u05e0\u05d9\u05dd \u05d4\u05de\u05d0\u05d5\u05d7\u05e1\u05e0\u05d9\u05dd \u05d1\u05d0\u05d5\u05e4\u05df \u05d6\u05de\u05e0\u05d9 \u05d1\u05db\u05d5\u05e0\u05df \u05d4\u05e7\u05e9\u05d9\u05d7 \u05e9\u05dc \u05de\u05d7\u05e9\u05d1 \u05d4\u05de\u05e9\u05ea\u05de\u05e9 \u05e2\u05dc \u05d9\u05d3\u05d9 \u05d4\u05d3\u05e4\u05d3\u05e4\u05df \u05e9\u05dc\u05da \u05d5\u05d0\u05e9\u05e8 \u05e0\u05d7\u05d5\u05e6\u05d9\u05dd \u05dc\u05e9\u05d9\u05de\u05d5\u05e9 \u05d1\u05d0\u05ea\u05e8 haccounamatata.com. \u05e7\u05d5\u05d1\u05e6\u05d9 Cookie \u05d0\u05d9\u05e0\u05dd \u05de\u05db\u05d9\u05dc\u05d9\u05dd \u05de\u05d9\u05d3\u05e2 \u05d0\u05d9\u05e9\u05d9 \u05d5\u05dc\u05d0 \u05e0\u05d9\u05ea\u05df \u05dc\u05d4\u05e9\u05ea\u05de\u05e9 \u05d1\u05d4\u05dd \u05db\u05d3\u05d9 \u05dc\u05d6\u05d4\u05d5\u05ea \u05d0\u05e3 \u05d0\u05d7\u05d3. \u05e7\u05d5\u05d1\u05e5 Cookie \u05de\u05db\u05d9\u05dc \u05de\u05d6\u05d4\u05d4 \u05d9\u05d9\u05d7\u05d5\u05d3\u05d9, \u05e9\u05e0\u05d5\u05e6\u05e8 \u05d1\u05d0\u05d5\u05e4\u05df \u05d0\u05e7\u05e8\u05d0\u05d9 \u05d5\u05dc\u05db\u05df \u05d0\u05e0\u05d5\u05e0\u05d9\u05de\u05d9. \u05d7\u05dc\u05e7 \u05de\u05d4\u05e2\u05d5\u05d2\u05d9\u05d5\u05ea \u05e4\u05d5\u05e7\u05e2\u05d5\u05ea \u05d1\u05ea\u05d5\u05dd \u05d1\u05d9\u05e7\u05d5\u05e8 \u05d4\u05de\u05e9\u05ea\u05de\u05e9, \u05d0\u05d7\u05e8\u05d5\u05ea \u05e0\u05e9\u05d0\u05e8\u05d5\u05ea.<\/p>\n<p>\u05d4\u05de\u05d9\u05d3\u05e2 \u05d4\u05db\u05dc\u05d5\u05dc \u05d1\u05e2\u05d5\u05d2\u05d9\u05d5\u05ea \u05de\u05e9\u05de\u05e9 \u05dc\u05e9\u05d9\u05e4\u05d5\u05e8 \u05d4\u05d0\u05ea\u05e8 haccounamatata.com. \u05d1\u05d2\u05dc\u05d9\u05e9\u05d4 \u05d1\u05d0\u05ea\u05e8, \u05d4\u05de\u05e9\u05ea\u05de\u05e9 \u05de\u05e7\u05d1\u05dc \u05d0\u05d5\u05ea\u05dd.\n\u05e2\u05dd \u05d6\u05d0\u05ea, \u05e2\u05dc \u05d4\u05de\u05e9\u05ea\u05de\u05e9 \u05dc\u05ea\u05ea \u05d0\u05ea \u05d4\u05e1\u05db\u05de\u05ea\u05d5 \u05dc\u05e9\u05d9\u05de\u05d5\u05e9 \u05d1\u05e2\u05d5\u05d2\u05d9\u05d5\u05ea \u05de\u05e1\u05d5\u05d9\u05de\u05d5\u05ea.\n\u05d0\u05dd \u05dc\u05d0 \u05d9\u05ea\u05e7\u05d1\u05dc, \u05d4\u05de\u05e9\u05ea\u05de\u05e9 \u05de\u05d5\u05d3\u05d9\u05e2 \u05db\u05d9 \u05ea\u05db\u05d5\u05e0\u05d5\u05ea \u05d0\u05d5 \u05d3\u05e4\u05d9\u05dd \u05de\u05e1\u05d5\u05d9\u05de\u05d9\u05dd \u05e2\u05e9\u05d5\u05d9\u05d9\u05dd \u05dc\u05d4\u05d9\u05d3\u05d7\u05d5\u05ea.\n\u05d4\u05de\u05e9\u05ea\u05de\u05e9 \u05e8\u05e9\u05d0\u05d9 \u05dc\u05d1\u05d8\u05dc \u05e7\u05d5\u05d1\u05e6\u05d9 Cookie \u05d0\u05dc\u05d5 \u05d1\u05d0\u05de\u05e6\u05e2\u05d5\u05ea \u05d4\u05e4\u05e8\u05de\u05d8\u05e8\u05d9\u05dd \u05d4\u05de\u05d5\u05e4\u05d9\u05e2\u05d9\u05dd \u05d1\u05ea\u05d5\u05db\u05e0\u05ea \u05d4\u05d3\u05e4\u05d3\u05e4\u05df \u05e9\u05dc\u05d5.<\/p>\n<h2>\u05e1\u05e2\u05d9\u05e3 8: \u05d7\u05d5\u05e7 \u05d9\u05e9\u05d9\u05dd \u05d5\u05e1\u05de\u05db\u05d5\u05ea \u05e9\u05d9\u05e4\u05d5\u05d8 \u05de\u05d5\u05e1\u05de\u05db\u05ea<\/h2>\n<p>\u05d4\u05d7\u05d5\u05e7 \u05d4\u05e9\u05d5\u05d5\u05d9\u05e6\u05e8\u05d9 \u05d7\u05dc \u05e2\u05dc \u05d7\u05d5\u05d6\u05d4 \u05d6\u05d4. \u05d1\u05de\u05e7\u05e8\u05d4 \u05e9\u05dc \u05d4\u05d9\u05e2\u05d3\u05e8 \u05e4\u05ea\u05e8\u05d5\u05df \u05d9\u05d3\u05d9\u05d3\u05d5\u05ea\u05d9 \u05e9\u05dc \u05e1\u05db\u05e1\u05d5\u05da \u05d4\u05de\u05ea\u05e2\u05d5\u05e8\u05e8 \u05d1\u05d9\u05df \u05d4\u05e6\u05d3\u05d3\u05d9\u05dd, \u05dc\u05d1\u05ea\u05d9 \u05d4\u05de\u05e9\u05e4\u05d8 \u05d1\u05d6'\u05e0\u05d1\u05d4 \u05ea\u05d4\u05d9\u05d4 \u05e1\u05de\u05db\u05d5\u05ea \u05d4\u05e9\u05d9\u05e4\u05d5\u05d8 \u05d4\u05d1\u05dc\u05e2\u05d3\u05d9\u05ea \u05dc\u05d3\u05d5\u05df \u05d1\u05d5.\n\u05d1\u05db\u05dc \u05e9\u05d0\u05dc\u05d4 \u05d4\u05e7\u05e9\u05d5\u05e8\u05d4 \u05dc\u05d9\u05d9\u05e9\u05d5\u05dd \u05d4\u05ea\u05e0\u05d0\u05d9\u05dd \u05d5\u05d4\u05d4\u05d2\u05d1\u05dc\u05d5\u05ea \u05d4\u05dc\u05dc\u05d5, \u05ea\u05d5\u05db\u05dc \u05dc\u05d9\u05e6\u05d5\u05e8 \u05e7\u05e9\u05e8 \u05e2\u05dd \u05d4\u05de\u05e4\u05e8\u05e1\u05dd \u05d1\u05e4\u05e8\u05d8\u05d9 \u05d4\u05d4\u05ea\u05e7\u05e9\u05e8\u05d5\u05ea \u05d4\u05de\u05e4\u05d5\u05e8\u05d8\u05d9\u05dd \u05d1\u05e1\u05e2\u05d9\u05e3 1.<\/p>\n<p>\u05ea\u05e9\u05f4\u05db \u05d1\u05ea\u05d5\u05e7\u05e3 \u05d1-24\/03\/2022<\/p>\n<\/div><\/div><\/div><\/div><\/div><\/div><script id=\"script-row-unique-1\" data-row=\"script-row-unique-1\" type=\"text\/javascript\" class=\"vc_controls\">UNCODE.initRow(document.getElementById(\"row-unique-1\"));<\/script><\/div><\/div><\/div>\n<\/div>","protected":false},"excerpt":{"rendered":"Conditions G\u00e9n\u00e9rales d\u2019Utilisation (CGU)Les pr\u00e9sentes conditions g\u00e9n\u00e9rales d&rsquo;utilisation (dites \u00ab CGU \u00bb) ont pour objet l&rsquo;encadrement juridique des modalit\u00e9s de [...]","protected":false},"author":1,"featured_media":0,"parent":0,"menu_order":0,"comment_status":"closed","ping_status":"closed","template":"","meta":{"_joinchat":[],"footnotes":""},"class_list":["post-104380","page","type-page","status-publish","hentry"],"yoast_head":"<!-- This site is optimized with the Yoast SEO plugin v27.4 - https:\/\/yoast.com\/product\/yoast-seo-wordpress\/ -->\n<title>Conditions G\u00e9n\u00e9rales d\u2019Utilisation (CGU) - HaccounAmatata<\/title>\n<meta name=\"robots\" content=\"index, follow, max-snippet:-1, max-image-preview:large, max-video-preview:-1\" \/>\n<link rel=\"canonical\" href=\"https:\/\/haccounamatata.com\/he\/cgu\/\" \/>\n<meta property=\"og:locale\" content=\"he_IL\" \/>\n<meta property=\"og:type\" content=\"article\" \/>\n<meta property=\"og:title\" content=\"Conditions G\u00e9n\u00e9rales d\u2019Utilisation (CGU) - HaccounAmatata\" \/>\n<meta property=\"og:url\" content=\"https:\/\/haccounamatata.com\/he\/cgu\/\" \/>\n<meta property=\"og:site_name\" content=\"HaccounAmatata\" \/>\n<meta property=\"article:modified_time\" content=\"2022-06-06T09:53:01+00:00\" \/>\n<meta name=\"twitter:card\" content=\"summary_large_image\" \/>\n<meta name=\"twitter:label1\" content=\"\u05d6\u05de\u05df \u05e7\u05e8\u05d9\u05d0\u05d4 \u05de\u05d5\u05e2\u05e8\u05da\" \/>\n\t<meta name=\"twitter:data1\" content=\"5 \u05d3\u05e7\u05d5\u05ea\" \/>\n<script type=\"application\/ld+json\" class=\"yoast-schema-graph\">{\"@context\":\"https:\\\/\\\/schema.org\",\"@graph\":[{\"@type\":\"WebPage\",\"@id\":\"https:\\\/\\\/haccounamatata.com\\\/cgu\\\/\",\"url\":\"https:\\\/\\\/haccounamatata.com\\\/cgu\\\/\",\"name\":\"Conditions G\u00e9n\u00e9rales d\u2019Utilisation (CGU) - HaccounAmatata\",\"isPartOf\":{\"@id\":\"https:\\\/\\\/haccounamatata.com\\\/#website\"},\"datePublished\":\"2021-11-11T12:16:22+00:00\",\"dateModified\":\"2022-06-06T09:53:01+00:00\",\"breadcrumb\":{\"@id\":\"https:\\\/\\\/haccounamatata.com\\\/cgu\\\/#breadcrumb\"},\"inLanguage\":\"he-IL\",\"potentialAction\":[{\"@type\":\"ReadAction\",\"target\":[\"https:\\\/\\\/haccounamatata.com\\\/cgu\\\/\"]}]},{\"@type\":\"BreadcrumbList\",\"@id\":\"https:\\\/\\\/haccounamatata.com\\\/cgu\\\/#breadcrumb\",\"itemListElement\":[{\"@type\":\"ListItem\",\"position\":1,\"name\":\"Accueil\",\"item\":\"https:\\\/\\\/haccounamatata.com\\\/\"},{\"@type\":\"ListItem\",\"position\":2,\"name\":\"Conditions G\u00e9n\u00e9rales d\u2019Utilisation (CGU)\"}]},{\"@type\":\"WebSite\",\"@id\":\"https:\\\/\\\/haccounamatata.com\\\/#website\",\"url\":\"https:\\\/\\\/haccounamatata.com\\\/\",\"name\":\"HaccounAmatata\",\"description\":\"Un voyage fantastique\",\"potentialAction\":[{\"@type\":\"SearchAction\",\"target\":{\"@type\":\"EntryPoint\",\"urlTemplate\":\"https:\\\/\\\/haccounamatata.com\\\/?s={search_term_string}\"},\"query-input\":{\"@type\":\"PropertyValueSpecification\",\"valueRequired\":true,\"valueName\":\"search_term_string\"}}],\"inLanguage\":\"he-IL\"}]}<\/script>\n<!-- \/ Yoast SEO plugin. -->","yoast_head_json":{"title":"Conditions G\u00e9n\u00e9rales d\u2019Utilisation (CGU) - HaccounAmatata","robots":{"index":"index","follow":"follow","max-snippet":"max-snippet:-1","max-image-preview":"max-image-preview:large","max-video-preview":"max-video-preview:-1"},"canonical":"https:\/\/haccounamatata.com\/he\/cgu\/","og_locale":"he_IL","og_type":"article","og_title":"Conditions G\u00e9n\u00e9rales d\u2019Utilisation (CGU) - HaccounAmatata","og_url":"https:\/\/haccounamatata.com\/he\/cgu\/","og_site_name":"HaccounAmatata","article_modified_time":"2022-06-06T09:53:01+00:00","twitter_card":"summary_large_image","twitter_misc":{"\u05d6\u05de\u05df \u05e7\u05e8\u05d9\u05d0\u05d4 \u05de\u05d5\u05e2\u05e8\u05da":"5 \u05d3\u05e7\u05d5\u05ea"},"schema":{"@context":"https:\/\/schema.org","@graph":[{"@type":"WebPage","@id":"https:\/\/haccounamatata.com\/cgu\/","url":"https:\/\/haccounamatata.com\/cgu\/","name":"Conditions G\u00e9n\u00e9rales d\u2019Utilisation (CGU) - HaccounAmatata","isPartOf":{"@id":"https:\/\/haccounamatata.com\/#website"},"datePublished":"2021-11-11T12:16:22+00:00","dateModified":"2022-06-06T09:53:01+00:00","breadcrumb":{"@id":"https:\/\/haccounamatata.com\/cgu\/#breadcrumb"},"inLanguage":"he-IL","potentialAction":[{"@type":"ReadAction","target":["https:\/\/haccounamatata.com\/cgu\/"]}]},{"@type":"BreadcrumbList","@id":"https:\/\/haccounamatata.com\/cgu\/#breadcrumb","itemListElement":[{"@type":"ListItem","position":1,"name":"Accueil","item":"https:\/\/haccounamatata.com\/"},{"@type":"ListItem","position":2,"name":"Conditions G\u00e9n\u00e9rales d\u2019Utilisation (CGU)"}]},{"@type":"WebSite","@id":"https:\/\/haccounamatata.com\/#website","url":"https:\/\/haccounamatata.com\/","name":"HaccounAmatata","description":"Un voyage fantastique","potentialAction":[{"@type":"SearchAction","target":{"@type":"EntryPoint","urlTemplate":"https:\/\/haccounamatata.com\/?s={search_term_string}"},"query-input":{"@type":"PropertyValueSpecification","valueRequired":true,"valueName":"search_term_string"}}],"inLanguage":"he-IL"}]}},"_links":{"self":[{"href":"https:\/\/haccounamatata.com\/he\/wp-json\/wp\/v2\/pages\/104380","targetHints":{"allow":["GET"]}}],"collection":[{"href":"https:\/\/haccounamatata.com\/he\/wp-json\/wp\/v2\/pages"}],"about":[{"href":"https:\/\/haccounamatata.com\/he\/wp-json\/wp\/v2\/types\/page"}],"author":[{"embeddable":true,"href":"https:\/\/haccounamatata.com\/he\/wp-json\/wp\/v2\/users\/1"}],"replies":[{"embeddable":true,"href":"https:\/\/haccounamatata.com\/he\/wp-json\/wp\/v2\/comments?post=104380"}],"version-history":[{"count":4,"href":"https:\/\/haccounamatata.com\/he\/wp-json\/wp\/v2\/pages\/104380\/revisions"}],"predecessor-version":[{"id":104595,"href":"https:\/\/haccounamatata.com\/he\/wp-json\/wp\/v2\/pages\/104380\/revisions\/104595"}],"wp:attachment":[{"href":"https:\/\/haccounamatata.com\/he\/wp-json\/wp\/v2\/media?parent=104380"}],"curies":[{"name":"wp","href":"https:\/\/api.w.org\/{rel}","templated":true}]}}